{"id":1204,"date":"2013-11-12T12:37:51","date_gmt":"2013-11-12T10:37:51","guid":{"rendered":"http:\/\/test.bartekyazilim.com\/?page_id=1204"},"modified":"2025-08-20T16:31:36","modified_gmt":"2025-08-20T13:31:36","slug":"konya-doktorlar","status":"publish","type":"page","link":"https:\/\/turkpedkar.org.tr\/en\/konya-doktorlar\/","title":{"rendered":"Doctors in Konya"},"content":{"rendered":"<figure class=\"wp-block-table\"><table class=\"has-fixed-layout\"><tbody><tr><td><strong>FIRST NAME<\/strong><\/td><td><strong>LAST NAME<\/strong><\/td><td><strong>TITLE<\/strong><\/td><td><strong>SPECIALTY<\/strong><\/td><td><strong>WORK ADDRESS<\/strong><\/td><\/tr><tr><td>Derya<\/td><td>ARSLAN<\/td><td>Professor<\/td><td>Pediatric Cardiologist<\/td><td>Konya EAH<\/td><\/tr><tr><td>Tamer<\/td><td>BAYSAL<\/td><td>Professor<\/td><td>Pediatric Cardiologist<\/td><td>Necmettin Erbakan \u00dcniversitesi Meram T\u0131p Fak\u00fcltesi<\/td><\/tr><tr><td>Mehmet<\/td><td>\u00c7EL\u0130K<\/td><td>Attending Physician<\/td><td>Heart Surgeon<\/td><td>Ba\u015fkent \u00dcniversitesi Konya SUAH<\/td><\/tr><tr><td>Derya<\/td><td>\u00c7\u0130MEN<\/td><td>Attending Physician<\/td><td>Pediatric Cardiologist<\/td><td>Medova Hastanesi<\/td><\/tr><tr><td>Melih Timu\u00e7in<\/td><td>DO\u011eAN<\/td><td>Assoc. Prof.<\/td><td>Pediatric Cardiologist<\/td><td>Sel\u00e7uk \u00dcniversitesi Sel\u00e7uk T\u0131p Fak\u00fcltesi<\/td><\/tr><tr><td>H\u00fcseyin<\/td><td>DURS\u0130N<\/td><td>Attending Physician<\/td><td>Heart Surgeon<\/td><td>Konya \u015eehir Hastanesi<\/td><\/tr><tr><td>Sel\u00e7uk<\/td><td>ERDO\u011eAN<\/td><td>Yan Dal Asistan\u0131<\/td><td>Pediatric Cardiologist<\/td><td>Sel\u00e7uk \u00dcniversitesi T\u0131p Fak\u00fcltesi<\/td><\/tr><tr><td>Mahmut<\/td><td>G\u00d6KDEM\u0130R<\/td><td>Assoc. Prof.<\/td><td>Pediatric Cardiologist<\/td><td>Ba\u015fkent \u00dcniversitesi Konya SUAH<\/td><\/tr><tr><td>Dursun<\/td><td>ODABA\u015e<\/td><td>Professor<\/td><td>Pediatric Cardiologist<\/td><td>Konya EAH<\/td><\/tr><tr><td>Mehmet Burhan<\/td><td>OFLAZ<\/td><td>Professor<\/td><td>Pediatric Cardiologist<\/td><td>Necmettin Erbakan \u00dcniversitesi Meram T\u0131p Fak\u00fcltesi<\/td><\/tr><tr><td>Ay\u015fe B\u00fc\u015fra<\/td><td>PAYDA\u015e<\/td><td>Yan Dal Asistan\u0131<\/td><td>Pediatric Cardiologist<\/td><td>Necmettin Erbakan \u00dcniversitesi Meram T\u0131p Fak\u00fcltesi<\/td><\/tr><tr><td>U\u011fur<\/td><td>SARA\u00c7<\/td><td>Yan Dal Asistan\u0131<\/td><td>Pediatric Cardiologist<\/td><td>Necmettin Erbakan \u00dcniversitesi T\u0131p Fak\u00fcltesi<\/td><\/tr><tr><td>Ali<\/td><td>SARIG\u00dcL<\/td><td>Professor<\/td><td>Heart Surgeon<\/td><td>Medicana Konya Hastanesi<\/td><\/tr><tr><td>Ahmet<\/td><td>SERT<\/td><td>Professor<\/td><td>Pediatric Cardiologist<\/td><td>Sel\u00e7uk \u00dcniversitesi T\u0131p Fak\u00fcltesi<\/td><\/tr><tr><td>Fatih<\/td><td>\u015eAP<\/td><td>Professor<\/td><td>Pediatric Cardiologist<\/td><td>Necmettin Erbakan \u00dcniversitesi Meram T\u0131p Fak\u00fcltesi<\/td><\/tr><tr><td>Murat<\/td><td>\u015e\u0130M\u015eEK<\/td><td>Attending Physician<\/td><td>Heart Surgeon<\/td><td>Konya \u015eehir Hastanesi<\/td><\/tr><tr><td>H\u00fcseyin&nbsp;<\/td><td>YILMAZ<\/td><td>Attending Physician<\/td><td>Pediatric Cardiologist<\/td><td>Konya \u015eehir Hastanesi<\/td><\/tr><\/tbody><\/table><\/figure>","protected":false},"excerpt":{"rendered":"<p>ADI SOYADI UNVANI BRAN\u015eI \u0130\u015e ADRES\u0130 Derya ARSLAN Profes\u00f6r Kard. Konya EAH Tamer BAYSAL Profes\u00f6r Kard. Necmettin Erbakan \u00dcniversitesi Meram T\u0131p Fak\u00fcltesi Mehmet \u00c7EL\u0130K Uzman Cerrah Ba\u015fkent \u00dcniversitesi Konya SUAH Derya \u00c7\u0130MEN Uzman Kard. Medova Hastanesi Melih Timu\u00e7in DO\u011eAN Do\u00e7ent Kard. Sel\u00e7uk \u00dcniversitesi Sel\u00e7uk T\u0131p Fak\u00fcltesi H\u00fcseyin DURS\u0130N Uzman Cerrah Konya \u015eehir Hastanesi Sel\u00e7uk ERDO\u011eAN &#8230; <a title=\"Doctors in Konya\" class=\"read-more\" href=\"https:\/\/turkpedkar.org.tr\/en\/konya-doktorlar\/\" aria-label=\"Read more about Konya Doktorlar\u0131\">Read more<\/a><\/p>","protected":false},"author":1,"featured_media":0,"parent":0,"menu_order":0,"comment_status":"closed","ping_status":"closed","template":"","meta":{"footnotes":""},"class_list":["post-1204","page","type-page","status-publish"],"_links":{"self":[{"href":"https:\/\/turkpedkar.org.tr\/en\/wp-json\/wp\/v2\/pages\/1204","targetHints":{"allow":["GET"]}}],"collection":[{"href":"https:\/\/turkpedkar.org.tr\/en\/wp-json\/wp\/v2\/pages"}],"about":[{"href":"https:\/\/turkpedkar.org.tr\/en\/wp-json\/wp\/v2\/types\/page"}],"author":[{"embeddable":true,"href":"https:\/\/turkpedkar.org.tr\/en\/wp-json\/wp\/v2\/users\/1"}],"replies":[{"embeddable":true,"href":"https:\/\/turkpedkar.org.tr\/en\/wp-json\/wp\/v2\/comments?post=1204"}],"version-history":[{"count":2,"href":"https:\/\/turkpedkar.org.tr\/en\/wp-json\/wp\/v2\/pages\/1204\/revisions"}],"predecessor-version":[{"id":151021,"href":"https:\/\/turkpedkar.org.tr\/en\/wp-json\/wp\/v2\/pages\/1204\/revisions\/151021"}],"wp:attachment":[{"href":"https:\/\/turkpedkar.org.tr\/en\/wp-json\/wp\/v2\/media?parent=1204"}],"curies":[{"name":"wp","href":"https:\/\/api.w.org\/{rel}","templated":true}]}}