{"id":1202,"date":"2013-11-12T12:26:01","date_gmt":"2013-11-12T10:26:01","guid":{"rendered":"http:\/\/test.bartekyazilim.com\/?page_id=1202"},"modified":"2025-08-20T15:59:11","modified_gmt":"2025-08-20T12:59:11","slug":"hatay-doktorlari","status":"publish","type":"page","link":"https:\/\/turkpedkar.org.tr\/en\/hatay-doktorlari\/","title":{"rendered":"Doctors in Hatay"},"content":{"rendered":"<figure class=\"wp-block-table\"><table class=\"has-fixed-layout\"><tbody><tr><td><strong>FIRST NAME<\/strong><\/td><td><strong>LAST NAME<\/strong><\/td><td><strong>TITLE<\/strong><\/td><td><strong>SPECIALTY<\/strong><\/td><td><strong>WORK ADDRESS<\/strong><\/td><\/tr><tr><td>Hasan<\/td><td>DEMETG\u00dcL<\/td><td>Attending Physician<\/td><td>Pediatric Cardiologist<\/td><td>Hatay Kad\u0131n Do\u011fum \u00c7ocuk Hastanesi<\/td><\/tr><tr><td>Ufuk Utku<\/td><td>G\u00dcLL\u00dc<\/td><td>Asst. Prof.<\/td><td>Pediatric Cardiologist<\/td><td>Mustafa Kemal \u00dcniversitesi T\u0131p Fak\u00fcltesi<\/td><\/tr><tr><td>Cemil Cihad<\/td><td>KURT<\/td><td>Attending Physician<\/td><td>Pediatric Cardiologist<\/td><td>Hatay EAH<\/td><\/tr><tr><td>Beg\u00fcm<\/td><td>MURT<\/td><td>Attending Physician<\/td><td>Pediatric Cardiologist<\/td><td>Hatay EAH<\/td><\/tr><tr><td>Zeynep \u00c7a\u011fla<\/td><td>MUTLU<\/td><td>Attending Physician<\/td><td>Pediatric Cardiologist<\/td><td>Hatay D\u00f6rtyol Devlet Hastanesi<\/td><\/tr><tr><td>\u0130rem<\/td><td>T\u00dcRKYILMAZ<\/td><td>Attending Physician<\/td><td>Pediatric Cardiologist<\/td><td>\u0130skenderun Devlet Hastanesi<\/td><\/tr><tr><td>Nuh\u00a0<\/td><td>YILMAZ<\/td><td>Attending Physician<\/td><td>Pediatric Cardiologist<\/td><td>\u0130skenderun Geli\u015fim Hastanesi<\/td><\/tr><\/tbody><\/table><\/figure>\n\n\n\n<p><\/p>","protected":false},"excerpt":{"rendered":"<p>ADI SOYADI UNVANI BRAN\u015eI \u0130\u015e ADRES\u0130 Hasan DEMETG\u00dcL Uzman Kard. Hatay Kad\u0131n Do\u011fum \u00c7ocuk Hastanesi Ufuk Utku G\u00dcLL\u00dc Dr.\u00d6\u011fretim \u00dcyesi Kard. Mustafa Kemal \u00dcniversitesi T\u0131p Fak\u00fcltesi Cemil Cihad KURT Uzman Kard. Hatay EAH Beg\u00fcm MURT Uzman Kard. Hatay EAH Zeynep \u00c7a\u011fla MUTLU Uzman Kard. Hatay D\u00f6rtyol Devlet Hastanesi \u0130rem T\u00dcRKYILMAZ Uzman Kard. \u0130skenderun Devlet Hastanesi &#8230; <a title=\"Doctors in Hatay\" class=\"read-more\" href=\"https:\/\/turkpedkar.org.tr\/en\/hatay-doktorlari\/\" aria-label=\"Read more about Hatay Doktorlar\u0131\">Read more<\/a><\/p>","protected":false},"author":1,"featured_media":0,"parent":0,"menu_order":0,"comment_status":"closed","ping_status":"closed","template":"","meta":{"footnotes":""},"class_list":["post-1202","page","type-page","status-publish"],"_links":{"self":[{"href":"https:\/\/turkpedkar.org.tr\/en\/wp-json\/wp\/v2\/pages\/1202","targetHints":{"allow":["GET"]}}],"collection":[{"href":"https:\/\/turkpedkar.org.tr\/en\/wp-json\/wp\/v2\/pages"}],"about":[{"href":"https:\/\/turkpedkar.org.tr\/en\/wp-json\/wp\/v2\/types\/page"}],"author":[{"embeddable":true,"href":"https:\/\/turkpedkar.org.tr\/en\/wp-json\/wp\/v2\/users\/1"}],"replies":[{"embeddable":true,"href":"https:\/\/turkpedkar.org.tr\/en\/wp-json\/wp\/v2\/comments?post=1202"}],"version-history":[{"count":2,"href":"https:\/\/turkpedkar.org.tr\/en\/wp-json\/wp\/v2\/pages\/1202\/revisions"}],"predecessor-version":[{"id":151006,"href":"https:\/\/turkpedkar.org.tr\/en\/wp-json\/wp\/v2\/pages\/1202\/revisions\/151006"}],"wp:attachment":[{"href":"https:\/\/turkpedkar.org.tr\/en\/wp-json\/wp\/v2\/media?parent=1202"}],"curies":[{"name":"wp","href":"https:\/\/api.w.org\/{rel}","templated":true}]}}