{"id":1199,"date":"2013-11-12T12:24:37","date_gmt":"2013-11-12T10:24:37","guid":{"rendered":"http:\/\/test.bartekyazilim.com\/?page_id=1199"},"modified":"2025-08-20T15:49:44","modified_gmt":"2025-08-20T12:49:44","slug":"gaziantep-doktorlari","status":"publish","type":"page","link":"https:\/\/turkpedkar.org.tr\/en\/gaziantep-doktorlari\/","title":{"rendered":"Doctors in Gaziantep"},"content":{"rendered":"<figure class=\"wp-block-table\"><table class=\"has-fixed-layout\"><tbody><tr><td><strong>FIRST NAME<\/strong><\/td><td><strong>LAST NAME<\/strong><\/td><td><strong>TITLE<\/strong><\/td><td><strong>SPECIALTY<\/strong><\/td><td><strong>WORK ADDRESS<\/strong><\/td><\/tr><tr><td>Mehmet Fatih<\/td><td>ALPTEK\u0130N<\/td><td>Yan Dal Asistan\u0131<\/td><td>Pediatric Cardiologist<\/td><td>Gaziantep \u00dcniversitesi T\u0131p Fak\u00fcltesi<\/td><\/tr><tr><td>Derya<\/td><td>AYDIN \u015eAH\u0130N<\/td><td>Assoc. Prof.<\/td><td>Pediatric Cardiologist<\/td><td>Gaziantep \u00dcniversitesi T\u0131p Fak\u00fcltesi<\/td><\/tr><tr><td>Sedat<\/td><td>BA\u011eLI<\/td><td>Attending Physician<\/td><td>Pediatric Cardiologist<\/td><td>Gaziantep \u015eehir Hastanesi<\/td><\/tr><tr><td>Serdar<\/td><td>BA\u015eG\u00d6ZE<\/td><td>Attending Physician<\/td><td>Heart Surgeon<\/td><td>Sa\u011fl\u0131k Bilimleri \u00dcniversitesi,Gaziantep \u015eehir Hastanesi<\/td><\/tr><tr><td>Osman<\/td><td>BA\u015ePINAR<\/td><td>Professor<\/td><td>Pediatric Cardiologist<\/td><td>Gaziantep \u00dcniversitesi T\u0131p Fak\u00fcltesi<\/td><\/tr><tr><td>Mustafa<\/td><td>G\u00dcLG\u00dcN<\/td><td>Assoc. Prof.<\/td><td>Pediatric Cardiologist<\/td><td>\u00d6zel<\/td><\/tr><tr><td>Ahmet Kuddusi<\/td><td>\u0130RDEM<\/td><td>Attending Physician<\/td><td>Heart Surgeon<\/td><td>Gaziantep Cengiz G\u00f6k\u00e7ek KD ve \u00c7ocuk Hastanesi<\/td><\/tr><tr><td>Davut<\/td><td>KAYAK<\/td><td>Yan Dal Asistan\u0131<\/td><td>Pediatric Cardiologist<\/td><td>Gaziantep \u00dcniversitesi T\u0131p Fak\u00fcltesi<\/td><\/tr><tr><td>Mehmet<\/td><td>KERVANCIO\u011eLU<\/td><td>Professor<\/td><td>Pediatric Cardiologist<\/td><td>Gaziantep \u00dcniversitesi T\u0131p Fak\u00fcltesi<\/td><\/tr><tr><td>Metin<\/td><td>KILIN\u00c7<\/td><td>Professor<\/td><td>\u00c7ocuk Sa\u011fl\u0131\u011f\u0131 ve Hastal\u0131klar\u0131<\/td><td>Gaziantep \u00dcniversitesi T\u0131p Fak\u00fcltesi<\/td><\/tr><tr><td>Mustafa<\/td><td>K\u00dcRKL\u00dcO\u011eLU<\/td><td>Attending Physician<\/td><td>Heart Surgeon<\/td><td>\u00f6zel hastane<\/td><\/tr><tr><td>Nevin<\/td><td>\u00d6ZDEM\u0130RO\u011eLU<\/td><td>Attending Physician<\/td><td>Pediatric Cardiologist<\/td><td>Gaziantep \u015eehir Hastanesi<\/td><\/tr><tr><td>Sadettin<\/td><td>SEZER<\/td><td>Attending Physician<\/td><td>Pediatric Cardiologist<\/td><td>Serbest<\/td><\/tr><tr><td>Berivan<\/td><td>SUBA\u015eI<\/td><td>Attending Physician<\/td><td>Pediatric Cardiologist<\/td><td>Cengiz G\u00f6k\u00e7ek Kad\u0131n Do\u011fum ve \u00c7ocuk Hastanesi,<\/td><\/tr><tr><td>Ay\u015fe<\/td><td>S\u00dcL\u00dc<\/td><td>Assoc. Prof.<\/td><td>Pediatric Cardiologist<\/td><td>Gaziantep \u00dcniversitesi T\u0131p Fak\u00fcltesi<\/td><\/tr><tr><td>M\u00fcnevver Tu\u011fba<\/td><td>TEMEL<\/td><td>Assoc. Prof.<\/td><td>Pediatric Cardiologist<\/td><td>Gaziantep Cengiz G\u00f6k\u00e7ek KD ve \u00c7ocuk Hastanesi<\/td><\/tr><tr><td>Fatih<\/td><td>TOMRUK\u00c7U<\/td><td>Attending Physician<\/td><td>Heart Surgeon<\/td><td>Cengiz G\u00f6k\u00e7ek Kad\u0131n Do\u011fum ve \u00c7ocuk Hastanesi,<\/td><\/tr><tr><td>Bu\u011fra<\/td><td>YILDIRIM<\/td><td>Yan Dal Asistan\u0131<\/td><td>Pediatric Cardiologist<\/td><td>Gaziantep \u015eehir Hastanesi<\/td><\/tr><\/tbody><\/table><\/figure>","protected":false},"excerpt":{"rendered":"<p>ADI SOYADI UNVANI BRAN\u015eI \u0130\u015e ADRES\u0130 Mehmet Fatih ALPTEK\u0130N Yan Dal Asistan\u0131 Kard. Gaziantep \u00dcniversitesi T\u0131p Fak\u00fcltesi Derya AYDIN \u015eAH\u0130N Do\u00e7ent Kard. Gaziantep \u00dcniversitesi T\u0131p Fak\u00fcltesi Sedat BA\u011eLI Uzman Kard. Gaziantep \u015eehir Hastanesi Serdar BA\u015eG\u00d6ZE Uzman Cerrah Sa\u011fl\u0131k Bilimleri \u00dcniversitesi,Gaziantep \u015eehir Hastanesi Osman BA\u015ePINAR Profes\u00f6r Kard. Gaziantep \u00dcniversitesi T\u0131p Fak\u00fcltesi Mustafa G\u00dcLG\u00dcN Do\u00e7ent Kard. \u00d6zel &#8230; <a title=\"Doctors in Gaziantep\" class=\"read-more\" href=\"https:\/\/turkpedkar.org.tr\/en\/gaziantep-doktorlari\/\" aria-label=\"Read more about Gaziantep Doktorlar\u0131\">Read more<\/a><\/p>","protected":false},"author":1,"featured_media":0,"parent":0,"menu_order":0,"comment_status":"closed","ping_status":"closed","template":"","meta":{"footnotes":""},"class_list":["post-1199","page","type-page","status-publish"],"_links":{"self":[{"href":"https:\/\/turkpedkar.org.tr\/en\/wp-json\/wp\/v2\/pages\/1199","targetHints":{"allow":["GET"]}}],"collection":[{"href":"https:\/\/turkpedkar.org.tr\/en\/wp-json\/wp\/v2\/pages"}],"about":[{"href":"https:\/\/turkpedkar.org.tr\/en\/wp-json\/wp\/v2\/types\/page"}],"author":[{"embeddable":true,"href":"https:\/\/turkpedkar.org.tr\/en\/wp-json\/wp\/v2\/users\/1"}],"replies":[{"embeddable":true,"href":"https:\/\/turkpedkar.org.tr\/en\/wp-json\/wp\/v2\/comments?post=1199"}],"version-history":[{"count":2,"href":"https:\/\/turkpedkar.org.tr\/en\/wp-json\/wp\/v2\/pages\/1199\/revisions"}],"predecessor-version":[{"id":151003,"href":"https:\/\/turkpedkar.org.tr\/en\/wp-json\/wp\/v2\/pages\/1199\/revisions\/151003"}],"wp:attachment":[{"href":"https:\/\/turkpedkar.org.tr\/en\/wp-json\/wp\/v2\/media?parent=1199"}],"curies":[{"name":"wp","href":"https:\/\/api.w.org\/{rel}","templated":true}]}}