{"id":1197,"date":"2013-11-12T12:22:43","date_gmt":"2013-11-12T10:22:43","guid":{"rendered":"http:\/\/test.bartekyazilim.com\/?page_id=1197"},"modified":"2025-08-20T15:39:05","modified_gmt":"2025-08-20T12:39:05","slug":"eskisehir-doktorlari","status":"publish","type":"page","link":"https:\/\/turkpedkar.org.tr\/en\/eskisehir-doktorlari\/","title":{"rendered":"Doctors in Eski\u015fehir"},"content":{"rendered":"<figure class=\"wp-block-table\"><table class=\"has-fixed-layout\"><tbody><tr><td><strong>FIRST NAME<\/strong><\/td><td><strong>LAST NAME<\/strong><\/td><td><strong>TITLE<\/strong><\/td><td><strong>SPECIALTY<\/strong><\/td><td><strong>WORK ADDRESS<\/strong><\/td><\/tr><tr><td>Sezen<\/td><td>G\u00dcL\u00dcMSER \u015e\u0130\u015eKO<\/td><td>Attending Physician<\/td><td>Pediatric Cardiologist<\/td><td>Eski\u015fehir \u015eehir Hastanesi<\/td><\/tr><tr><td>Z\u00fcbeyir<\/td><td>KILI\u00c7<\/td><td>Professor<\/td><td>Pediatric Cardiologist<\/td><td>Serbest<\/td><\/tr><tr><td>Pelin<\/td><td>K\u00d6\u015eGER<\/td><td>Assoc. Prof.<\/td><td>Pediatric Cardiologist<\/td><td>Eski\u015fehir Osmangazi \u00dcniversitesi T\u0131p Fak\u00fcltesi<\/td><\/tr><tr><td>Elif<\/td><td>OZAN<\/td><td>Yan Dal Asistan\u0131<\/td><td>Pediatric Cardiologist<\/td><td>Osmangazi \u00dcniversitesi T\u0131p Fak\u00fcltesi<\/td><\/tr><tr><td>Emrah<\/td><td>\u015e\u0130\u015eL\u0130<\/td><td>Assoc. Prof.<\/td><td>Heart Surgeon<\/td><td>Eski\u015fehir Osmangazi \u00dcniversitesi T\u0131p Fak\u00fcltesinde \u00c7ocuk Kalp ve Damar Cerrahisi<\/td><\/tr><tr><td>Birsen<\/td><td>U\u00c7AR<\/td><td>Professor<\/td><td>Pediatric Cardiologist<\/td><td>Eski\u015fehir Osmangazi \u00dcniversitesi T\u0131p Fak\u00fcltesi<\/td><\/tr><\/tbody><\/table><\/figure>","protected":false},"excerpt":{"rendered":"<p>ADI SOYADI UNVANI BRAN\u015eI \u0130\u015e ADRES\u0130 Sezen G\u00dcL\u00dcMSER \u015e\u0130\u015eKO Uzman Kard. Eski\u015fehir \u015eehir Hastanesi Z\u00fcbeyir KILI\u00c7 Profes\u00f6r Kard. Serbest Pelin K\u00d6\u015eGER Do\u00e7ent Kard. Eski\u015fehir Osmangazi \u00dcniversitesi T\u0131p Fak\u00fcltesi Elif OZAN Yan Dal Asistan\u0131 Kard. Osmangazi \u00dcniversitesi T\u0131p Fak\u00fcltesi Emrah \u015e\u0130\u015eL\u0130 Do\u00e7ent Cerrah Eski\u015fehir Osmangazi \u00dcniversitesi T\u0131p Fak\u00fcltesinde \u00c7ocuk Kalp ve Damar Cerrahisi Birsen U\u00c7AR Profes\u00f6r &#8230; <a title=\"Doctors in Eski\u015fehir\" class=\"read-more\" href=\"https:\/\/turkpedkar.org.tr\/en\/eskisehir-doktorlari\/\" aria-label=\"Read more about Eski\u015fehir Doktorlar\u0131\">Read more<\/a><\/p>","protected":false},"author":1,"featured_media":0,"parent":0,"menu_order":0,"comment_status":"closed","ping_status":"closed","template":"","meta":{"footnotes":""},"class_list":["post-1197","page","type-page","status-publish"],"_links":{"self":[{"href":"https:\/\/turkpedkar.org.tr\/en\/wp-json\/wp\/v2\/pages\/1197","targetHints":{"allow":["GET"]}}],"collection":[{"href":"https:\/\/turkpedkar.org.tr\/en\/wp-json\/wp\/v2\/pages"}],"about":[{"href":"https:\/\/turkpedkar.org.tr\/en\/wp-json\/wp\/v2\/types\/page"}],"author":[{"embeddable":true,"href":"https:\/\/turkpedkar.org.tr\/en\/wp-json\/wp\/v2\/users\/1"}],"replies":[{"embeddable":true,"href":"https:\/\/turkpedkar.org.tr\/en\/wp-json\/wp\/v2\/comments?post=1197"}],"version-history":[{"count":2,"href":"https:\/\/turkpedkar.org.tr\/en\/wp-json\/wp\/v2\/pages\/1197\/revisions"}],"predecessor-version":[{"id":151001,"href":"https:\/\/turkpedkar.org.tr\/en\/wp-json\/wp\/v2\/pages\/1197\/revisions\/151001"}],"wp:attachment":[{"href":"https:\/\/turkpedkar.org.tr\/en\/wp-json\/wp\/v2\/media?parent=1197"}],"curies":[{"name":"wp","href":"https:\/\/api.w.org\/{rel}","templated":true}]}}