{"id":1195,"date":"2013-11-12T12:24:40","date_gmt":"2013-11-12T10:24:40","guid":{"rendered":"http:\/\/test.bartekyazilim.com\/?page_id=1195"},"modified":"2025-08-20T16:43:15","modified_gmt":"2025-08-20T13:43:15","slug":"malatya-doktorlari","status":"publish","type":"page","link":"https:\/\/turkpedkar.org.tr\/en\/malatya-doktorlari\/","title":{"rendered":"Doctors in Malatya"},"content":{"rendered":"<figure class=\"wp-block-table\"><table class=\"has-fixed-layout\"><tbody><tr><td><strong>FIRST NAME<\/strong><\/td><td><strong>LAST NAME<\/strong><\/td><td><strong>TITLE<\/strong><\/td><td><strong>SPECIALTY<\/strong><\/td><td><strong>WORK ADDRESS<\/strong><\/td><\/tr><tr><td>Olcay Murat<\/td><td>D\u0130\u015eL\u0130<\/td><td>Asst. Prof.<\/td><td>Heart Surgeon<\/td><td>\u0130n\u00f6n\u00fc \u00dcniversitesi T\u0131p Fak\u00fcltesi<\/td><\/tr><tr><td>\u00d6zlem<\/td><td>ELKIRAN<\/td><td>Professor<\/td><td>Pediatric Cardiologist<\/td><td>\u0130n\u00f6n\u00fc \u00dcniversitesi T\u0131p Fak\u00fcltesi<\/td><\/tr><tr><td>G\u00fcrkan<\/td><td>KARAKU\u015e<\/td><td>Yan Dal Asistan\u0131<\/td><td>Pediatric Cardiologist<\/td><td>\u0130n\u00f6n\u00fc \u00dcniversitesi Turgut \u00d6zal T\u0131p Merkezi<\/td><\/tr><tr><td>Serdar Ak\u0131n\u00a0<\/td><td>MARA\u015e<\/td><td>Attending Physician<\/td><td>Pediatric Cardiologist<\/td><td>\u0130n\u00f6n\u00fc \u00dcniversitesi T\u0131p Fak\u00fcltesi<\/td><\/tr><tr><td>Mehmet<\/td><td>\u00d6NC\u00dcL<\/td><td>Attending Physician<\/td><td>Pediatric Cardiologist<\/td><td>\u0130n\u00f6n\u00fc \u00dcniversitesi Turgut \u00d6zal T\u0131p Merkezi<\/td><\/tr><tr><td>Volkan<\/td><td>\u015eIK<\/td><td>Yan Dal Asistan\u0131<\/td><td>Pediatric Cardiologist<\/td><td>\u0130n\u00f6n\u00fc \u00dcniversitesi T\u0131p Fak\u00fcltesi<\/td><\/tr><tr><td>Fatih\u00a0<\/td><td>TAT<\/td><td>Yan Dal Asistan\u0131<\/td><td>Pediatric Cardiologist<\/td><td>\u0130n\u00f6n\u00fc \u00dcniversitesi T\u0131p Fak\u00fcltesi<\/td><\/tr><tr><td>Emine G\u00fcl\u015fah<\/td><td>TORUN<\/td><td>Attending Physician<\/td><td>Pediatric Cardiologist<\/td><td>Malatya EAH<\/td><\/tr><\/tbody><\/table><\/figure>\n\n\n\n<p><\/p>","protected":false},"excerpt":{"rendered":"<p>ADI SOYADI UNVANI BRAN\u015eI \u0130\u015e ADRES\u0130 Olcay Murat D\u0130\u015eL\u0130 Dr.\u00d6\u011fretim \u00dcyesi Cerrah \u0130n\u00f6n\u00fc \u00dcniversitesi T\u0131p Fak\u00fcltesi \u00d6zlem ELKIRAN Profes\u00f6r Kard. \u0130n\u00f6n\u00fc \u00dcniversitesi T\u0131p Fak\u00fcltesi G\u00fcrkan KARAKU\u015e Yan Dal Asistan\u0131 Kard. \u0130n\u00f6n\u00fc \u00dcniversitesi Turgut \u00d6zal T\u0131p Merkezi Serdar Ak\u0131n\u00a0 MARA\u015e Uzman Kard. \u0130n\u00f6n\u00fc \u00dcniversitesi T\u0131p Fak\u00fcltesi Mehmet \u00d6NC\u00dcL Uzman Kard. \u0130n\u00f6n\u00fc \u00dcniversitesi Turgut \u00d6zal T\u0131p Merkezi &#8230; <a title=\"Doctors in Malatya\" class=\"read-more\" href=\"https:\/\/turkpedkar.org.tr\/en\/malatya-doktorlari\/\" aria-label=\"Read more about Malatya Doktorlar\u0131\">Read more<\/a><\/p>","protected":false},"author":1,"featured_media":0,"parent":0,"menu_order":0,"comment_status":"closed","ping_status":"closed","template":"","meta":{"footnotes":""},"class_list":["post-1195","page","type-page","status-publish"],"_links":{"self":[{"href":"https:\/\/turkpedkar.org.tr\/en\/wp-json\/wp\/v2\/pages\/1195","targetHints":{"allow":["GET"]}}],"collection":[{"href":"https:\/\/turkpedkar.org.tr\/en\/wp-json\/wp\/v2\/pages"}],"about":[{"href":"https:\/\/turkpedkar.org.tr\/en\/wp-json\/wp\/v2\/types\/page"}],"author":[{"embeddable":true,"href":"https:\/\/turkpedkar.org.tr\/en\/wp-json\/wp\/v2\/users\/1"}],"replies":[{"embeddable":true,"href":"https:\/\/turkpedkar.org.tr\/en\/wp-json\/wp\/v2\/comments?post=1195"}],"version-history":[{"count":2,"href":"https:\/\/turkpedkar.org.tr\/en\/wp-json\/wp\/v2\/pages\/1195\/revisions"}],"predecessor-version":[{"id":151027,"href":"https:\/\/turkpedkar.org.tr\/en\/wp-json\/wp\/v2\/pages\/1195\/revisions\/151027"}],"wp:attachment":[{"href":"https:\/\/turkpedkar.org.tr\/en\/wp-json\/wp\/v2\/media?parent=1195"}],"curies":[{"name":"wp","href":"https:\/\/api.w.org\/{rel}","templated":true}]}}