{"id":1193,"date":"2013-11-12T12:20:34","date_gmt":"2013-11-12T10:20:34","guid":{"rendered":"http:\/\/test.bartekyazilim.com\/?page_id=1193"},"modified":"2025-08-20T15:36:01","modified_gmt":"2025-08-20T12:36:01","slug":"erzurum-doktorlari","status":"publish","type":"page","link":"https:\/\/turkpedkar.org.tr\/en\/erzurum-doktorlari\/","title":{"rendered":"Doctors in Erzurum"},"content":{"rendered":"<figure class=\"wp-block-table\"><table class=\"has-fixed-layout\"><tbody><tr><td><strong>FIRST NAME<\/strong><\/td><td><strong>LAST NAME<\/strong><\/td><td><strong>TITLE<\/strong><\/td><td><strong>SPECIALTY<\/strong><\/td><td><strong>WORK ADDRESS<\/strong><\/td><\/tr><tr><td>Naci<\/td><td>CEV\u0130Z<\/td><td>Professor<\/td><td>Pediatric Cardiologist<\/td><td>Atat\u00fcrk \u00dcniversitesi T\u0131p Fak\u00fcltesi<\/td><\/tr><tr><td>Murat<\/td><td>\u00c7\u0130FTEL<\/td><td>Assoc. Prof.<\/td><td>Pediatric Cardiologist<\/td><td>Erzurum B\u00f6lge EAH<\/td><\/tr><tr><td>\u015eenay<\/td><td>\u00c7OBAN<\/td><td>Attending Physician<\/td><td>Pediatric Cardiologist<\/td><td>Erzurum \u015eehir Hastanesi<\/td><\/tr><tr><td>Kenan Abdurrahman<\/td><td>KARA<\/td><td>Assoc. Prof.<\/td><td>Heart Surgeon<\/td><td>Erzurum B\u00f6lge EAH<\/td><\/tr><tr><td>Fuat<\/td><td>LALO\u011eLU<\/td><td>Assoc. Prof.<\/td><td>Pediatric Cardiologist<\/td><td>Atat\u00fcrk \u00dcniversitesi T\u0131p Fak\u00fcltesi<\/td><\/tr><tr><td>Zeynep<\/td><td>\u00d6MERO\u011eULLARI<\/td><td>Yan Dal Asistan\u0131<\/td><td>Pediatric Cardiologist<\/td><td>Atat\u00fcrk \u00dcniversitesi T\u0131p Fak\u00fcltesi<\/td><\/tr><tr><td>G\u00fczide<\/td><td>TAVLA\u015e<\/td><td>Yan Dal Asistan\u0131<\/td><td>Pediatric Cardiologist<\/td><td>Atat\u00fcrk \u00dcniversitesi T\u0131p Fak\u00fcltesi<\/td><\/tr><tr><td>Hasan<\/td><td>T\u00dcRKMEN<\/td><td>Attending Physician<\/td><td>Pediatric Cardiologist<\/td><td>Erzurum \u015eehir Hastanesi<\/td><\/tr><\/tbody><\/table><\/figure>","protected":false},"excerpt":{"rendered":"<p>ADI SOYADI UNVANI BRAN\u015eI \u0130\u015e ADRES\u0130 Naci CEV\u0130Z Profes\u00f6r Kard. Atat\u00fcrk \u00dcniversitesi T\u0131p Fak\u00fcltesi Murat \u00c7\u0130FTEL Do\u00e7ent Kard. Erzurum B\u00f6lge EAH \u015eenay \u00c7OBAN Uzman Kard. Erzurum \u015eehir Hastanesi Kenan Abdurrahman KARA Do\u00e7ent Cerrah Erzurum B\u00f6lge EAH Fuat LALO\u011eLU Do\u00e7ent Kard. Atat\u00fcrk \u00dcniversitesi T\u0131p Fak\u00fcltesi Zeynep \u00d6MERO\u011eULLARI Yan Dal Asistan\u0131 Kard. Atat\u00fcrk \u00dcniversitesi T\u0131p Fak\u00fcltesi G\u00fczide &#8230; <a title=\"Doctors in Erzurum\" class=\"read-more\" href=\"https:\/\/turkpedkar.org.tr\/en\/erzurum-doktorlari\/\" aria-label=\"Read more about Erzurum Doktorlar\u0131\">Read more<\/a><\/p>","protected":false},"author":1,"featured_media":0,"parent":0,"menu_order":0,"comment_status":"closed","ping_status":"closed","template":"","meta":{"footnotes":""},"class_list":["post-1193","page","type-page","status-publish"],"_links":{"self":[{"href":"https:\/\/turkpedkar.org.tr\/en\/wp-json\/wp\/v2\/pages\/1193","targetHints":{"allow":["GET"]}}],"collection":[{"href":"https:\/\/turkpedkar.org.tr\/en\/wp-json\/wp\/v2\/pages"}],"about":[{"href":"https:\/\/turkpedkar.org.tr\/en\/wp-json\/wp\/v2\/types\/page"}],"author":[{"embeddable":true,"href":"https:\/\/turkpedkar.org.tr\/en\/wp-json\/wp\/v2\/users\/1"}],"replies":[{"embeddable":true,"href":"https:\/\/turkpedkar.org.tr\/en\/wp-json\/wp\/v2\/comments?post=1193"}],"version-history":[{"count":2,"href":"https:\/\/turkpedkar.org.tr\/en\/wp-json\/wp\/v2\/pages\/1193\/revisions"}],"predecessor-version":[{"id":150999,"href":"https:\/\/turkpedkar.org.tr\/en\/wp-json\/wp\/v2\/pages\/1193\/revisions\/150999"}],"wp:attachment":[{"href":"https:\/\/turkpedkar.org.tr\/en\/wp-json\/wp\/v2\/media?parent=1193"}],"curies":[{"name":"wp","href":"https:\/\/api.w.org\/{rel}","templated":true}]}}