{"id":1191,"date":"2013-11-12T12:17:54","date_gmt":"2013-11-12T10:17:54","guid":{"rendered":"http:\/\/test.bartekyazilim.com\/?page_id=1191"},"modified":"2025-08-20T15:25:40","modified_gmt":"2025-08-20T12:25:40","slug":"elazig-doktorlari","status":"publish","type":"page","link":"https:\/\/turkpedkar.org.tr\/en\/elazig-doktorlari\/","title":{"rendered":"Doctors in Elaz\u0131\u011f"},"content":{"rendered":"<figure class=\"wp-block-table\"><table class=\"has-fixed-layout\"><tbody><tr><td><strong>FIRST NAME<\/strong><\/td><td><strong>LAST NAME<\/strong><\/td><td><strong>TITLE<\/strong><\/td><td><strong>SPECIALTY<\/strong><\/td><td><strong>WORK ADDRESS<\/strong><\/td><\/tr><tr><td>B\u00fclent<\/td><td>KOCA<\/td><td>Professor<\/td><td>Pediatric Cardiologist<\/td><td>Serbest<\/td><\/tr><tr><td>Erdal<\/td><td>YILMAZ<\/td><td>Professor<\/td><td>Pediatric Cardiologist<\/td><td>F\u0131rat \u00dcniversitesi T\u0131p Fak\u00fcltesi<\/td><\/tr><\/tbody><\/table><\/figure>","protected":false},"excerpt":{"rendered":"<p>ADI SOYADI UNVANI BRAN\u015eI \u0130\u015e ADRES\u0130 B\u00fclent KOCA Profes\u00f6r Kard. Serbest Erdal YILMAZ Profes\u00f6r Kard. F\u0131rat \u00dcniversitesi T\u0131p Fak\u00fcltesi<\/p>","protected":false},"author":1,"featured_media":0,"parent":0,"menu_order":0,"comment_status":"closed","ping_status":"closed","template":"","meta":{"footnotes":""},"class_list":["post-1191","page","type-page","status-publish"],"_links":{"self":[{"href":"https:\/\/turkpedkar.org.tr\/en\/wp-json\/wp\/v2\/pages\/1191","targetHints":{"allow":["GET"]}}],"collection":[{"href":"https:\/\/turkpedkar.org.tr\/en\/wp-json\/wp\/v2\/pages"}],"about":[{"href":"https:\/\/turkpedkar.org.tr\/en\/wp-json\/wp\/v2\/types\/page"}],"author":[{"embeddable":true,"href":"https:\/\/turkpedkar.org.tr\/en\/wp-json\/wp\/v2\/users\/1"}],"replies":[{"embeddable":true,"href":"https:\/\/turkpedkar.org.tr\/en\/wp-json\/wp\/v2\/comments?post=1191"}],"version-history":[{"count":2,"href":"https:\/\/turkpedkar.org.tr\/en\/wp-json\/wp\/v2\/pages\/1191\/revisions"}],"predecessor-version":[{"id":150997,"href":"https:\/\/turkpedkar.org.tr\/en\/wp-json\/wp\/v2\/pages\/1191\/revisions\/150997"}],"wp:attachment":[{"href":"https:\/\/turkpedkar.org.tr\/en\/wp-json\/wp\/v2\/media?parent=1191"}],"curies":[{"name":"wp","href":"https:\/\/api.w.org\/{rel}","templated":true}]}}