{"id":1189,"date":"2013-11-12T12:18:18","date_gmt":"2013-11-12T10:18:18","guid":{"rendered":"http:\/\/test.bartekyazilim.com\/?page_id=1189"},"modified":"2025-08-20T16:45:38","modified_gmt":"2025-08-20T13:45:38","slug":"manisa-doktorlari","status":"publish","type":"page","link":"https:\/\/turkpedkar.org.tr\/en\/manisa-doktorlari\/","title":{"rendered":"Manisa Doktorlar\u0131"},"content":{"rendered":"<figure class=\"wp-block-table\"><table class=\"has-fixed-layout\"><tbody><tr><td><strong>FIRST NAME<\/strong><\/td><td><strong>LAST NAME<\/strong><\/td><td><strong>TITLE<\/strong><\/td><td><strong>SPECIALTY<\/strong><\/td><td><strong>WORK ADDRESS<\/strong><\/td><\/tr><tr><td>Fato\u015f<\/td><td>ALKAN<\/td><td>Assoc. Prof.<\/td><td>Pediatric Cardiologist<\/td><td>Celal Bayar \u00dcniversitesi T\u0131p Fak\u00fcltesi<\/td><\/tr><tr><td>Onur<\/td><td>B\u0130RCAN<\/td><td>Yan Dal Asistan\u0131<\/td><td>Pediatric Cardiologist<\/td><td>Celal Bayar \u00dcniversitesi T\u0131p Fak\u00fcltesi<\/td><\/tr><tr><td>\u015eenol<\/td><td>CO\u015eKUN<\/td><td>Professor<\/td><td>Pediatric Cardiologist<\/td><td>Celal Bayar \u00dcniversitesi T\u0131p Fak\u00fcltesi<\/td><\/tr><tr><td>\u015eebnem<\/td><td>PAYTONCU<\/td><td>Attending Physician<\/td><td>Pediatric Cardiologist<\/td><td>Manisa \u015eehir Hastanesi<\/td><\/tr><tr><td>Yunus Emre<\/td><td>SARI<\/td><td>Attending Physician<\/td><td>Pediatric Cardiologist<\/td><td>Manisa \u015eehir Hastanesi<\/td><\/tr><\/tbody><\/table><\/figure>","protected":false},"excerpt":{"rendered":"<p>ADI SOYADI UNVANI BRAN\u015eI \u0130\u015e ADRES\u0130 Fato\u015f ALKAN Do\u00e7ent Kard. Celal Bayar \u00dcniversitesi T\u0131p Fak\u00fcltesi Onur B\u0130RCAN Yan Dal Asistan\u0131 Kard. Celal Bayar \u00dcniversitesi T\u0131p Fak\u00fcltesi \u015eenol CO\u015eKUN Profes\u00f6r Kard. Celal Bayar \u00dcniversitesi T\u0131p Fak\u00fcltesi \u015eebnem PAYTONCU Uzman Kard. Manisa \u015eehir Hastanesi Yunus Emre SARI Uzman Kard. Manisa \u015eehir Hastanesi<\/p>","protected":false},"author":1,"featured_media":0,"parent":0,"menu_order":0,"comment_status":"closed","ping_status":"closed","template":"","meta":{"footnotes":""},"class_list":["post-1189","page","type-page","status-publish"],"_links":{"self":[{"href":"https:\/\/turkpedkar.org.tr\/en\/wp-json\/wp\/v2\/pages\/1189","targetHints":{"allow":["GET"]}}],"collection":[{"href":"https:\/\/turkpedkar.org.tr\/en\/wp-json\/wp\/v2\/pages"}],"about":[{"href":"https:\/\/turkpedkar.org.tr\/en\/wp-json\/wp\/v2\/types\/page"}],"author":[{"embeddable":true,"href":"https:\/\/turkpedkar.org.tr\/en\/wp-json\/wp\/v2\/users\/1"}],"replies":[{"embeddable":true,"href":"https:\/\/turkpedkar.org.tr\/en\/wp-json\/wp\/v2\/comments?post=1189"}],"version-history":[{"count":2,"href":"https:\/\/turkpedkar.org.tr\/en\/wp-json\/wp\/v2\/pages\/1189\/revisions"}],"predecessor-version":[{"id":151029,"href":"https:\/\/turkpedkar.org.tr\/en\/wp-json\/wp\/v2\/pages\/1189\/revisions\/151029"}],"wp:attachment":[{"href":"https:\/\/turkpedkar.org.tr\/en\/wp-json\/wp\/v2\/media?parent=1189"}],"curies":[{"name":"wp","href":"https:\/\/api.w.org\/{rel}","templated":true}]}}