{"id":1186,"date":"2013-11-12T12:15:41","date_gmt":"2013-11-12T10:15:41","guid":{"rendered":"http:\/\/test.bartekyazilim.com\/?page_id=1186"},"modified":"2025-08-20T15:15:56","modified_gmt":"2025-08-20T12:15:56","slug":"diyarbakir-doktorlari","status":"publish","type":"page","link":"https:\/\/turkpedkar.org.tr\/en\/diyarbakir-doktorlari\/","title":{"rendered":"Doctors in Diyarbak\u0131r"},"content":{"rendered":"<figure class=\"wp-block-table\"><table class=\"has-fixed-layout\"><tbody><tr><td>FIRST NAME<\/td><td>LAST NAME<\/td><td>TITLE<\/td><td>SPECIALTY<\/td><td>WORK ADDRESS<\/td><\/tr><tr><td>Osman<\/td><td>AKDEN\u0130Z<\/td><td>Assoc. Prof.<\/td><td>Pediatric Cardiologist<\/td><td>Gazi Ya\u015fargil Kad\u0131n Do\u011fum ve \u00c7ocuk Hastal\u0131klar\u0131 Hastanesi<\/td><\/tr><tr><td>Alper<\/td><td>AKIN<\/td><td>Professor<\/td><td>Pediatric Cardiologist<\/td><td>Dicle \u00dcniversitesi T\u0131p Fak\u00fcltesi<\/td><\/tr><tr><td>Bedri<\/td><td>ALDUDAK<\/td><td>Professor<\/td><td>Pediatric Cardiologist<\/td><td>Gazi Ya\u015fargil Kad\u0131n Do\u011fum ve \u00c7ocuk Hastal\u0131klar\u0131 Hastanesi<\/td><\/tr><tr><td>Hasan<\/td><td>BALIK<\/td><td>Attending Physician<\/td><td>Pediatric Cardiologist<\/td><td>Gazi Ya\u015fargil Kad\u0131n Do\u011fum ve \u00c7ocuk Hastal\u0131klar\u0131 Hastanesi<\/td><\/tr><tr><td>Onur<\/td><td>DOYURGAN<\/td><td>Assoc. Prof.<\/td><td>Heart Surgeon<\/td><td>Gazi Ya\u015fargil EAH<\/td><\/tr><tr><td>Elif<\/td><td>ERG\u0130N<\/td><td>Yan Dal Asistan\u0131<\/td><td>Pediatric Cardiologist<\/td><td>Dicle \u00dcniversitesi T\u0131p Fak\u00fcltesi<\/td><\/tr><tr><td>Abdullah<\/td><td>ER\u0130NC\u0130K<\/td><td>Yan Dal Asistan\u0131<\/td><td>Pediatric Cardiologist<\/td><td>Gazi Ya\u015fargil EAH<\/td><\/tr><tr><td>Kerem<\/td><td>ERTA\u015e<\/td><td>Attending Physician<\/td><td>Pediatric Cardiologist<\/td><td>Gazi Ya\u015fargil Kad\u0131n Do\u011fum ve \u00c7ocuk Hastal\u0131klar\u0131 Hastanesi<\/td><\/tr><tr><td>\u00d6zlem<\/td><td>G\u00dcL S\u0130VASLI<\/td><td>Attending Physician<\/td><td>Pediatric Cardiologist<\/td><td>Gazi Ya\u015fargil EAH<\/td><\/tr><tr><td>Se\u00e7kin<\/td><td>\u0130LTER<\/td><td>Yan Dal Asistan\u0131<\/td><td>Pediatric Cardiologist<\/td><td>Dicle \u00dcniversitesi T\u0131p Fak\u00fcltesi<\/td><\/tr><tr><td>Yi\u011fit<\/td><td>KILI\u00c7<\/td><td>Assoc. Prof.<\/td><td>Heart Surgeon<\/td><td>Gazi Ya\u015fargil Kad\u0131n Do\u011fum ve \u00c7ocuk Hastal\u0131klar\u0131 Hastanesi<\/td><\/tr><tr><td>Mehmet<\/td><td>MURAT<\/td><td>Attending Physician<\/td><td>Pediatric Cardiologist<\/td><td>Gazi Ya\u015fargil Kad\u0131n Do\u011fum ve \u00c7ocuk Hastal\u0131klar\u0131 Hastanesi<\/td><\/tr><tr><td>Duygu<\/td><td>\u00d6Z<\/td><td>Yan Dal Asistan\u0131<\/td><td>Pediatric Cardiologist<\/td><td>Dicle \u00dcniversitesi T\u0131p Fak\u00fcltesi<\/td><\/tr><tr><td>Murat<\/td><td>S\u00dcR\u00dcC\u00dc<\/td><td>Attending Physician<\/td><td>Pediatric Cardiologist<\/td><td>Gazi Ya\u015fargil Kad\u0131n Do\u011fum ve \u00c7ocuk Hastal\u0131klar\u0131 Hastanesi<\/td><\/tr><tr><td>Mehmet<\/td><td>T\u00dcRE<\/td><td>Assoc. Prof.<\/td><td>Pediatric Cardiologist<\/td><td>Dicle \u00dcniversitesi T\u0131p Fak\u00fcltesi<\/td><\/tr><\/tbody><\/table><\/figure>","protected":false},"excerpt":{"rendered":"<p>ADI SOYADI UNVANI BRAN\u015eI \u0130\u015e ADRES\u0130 Osman AKDEN\u0130Z Do\u00e7ent Kard. Gazi Ya\u015fargil Kad\u0131n Do\u011fum ve \u00c7ocuk Hastal\u0131klar\u0131 Hastanesi Alper AKIN Profes\u00f6r Kard. Dicle \u00dcniversitesi T\u0131p Fak\u00fcltesi Bedri ALDUDAK Profes\u00f6r Kard. Gazi Ya\u015fargil Kad\u0131n Do\u011fum ve \u00c7ocuk Hastal\u0131klar\u0131 Hastanesi Hasan BALIK Uzman Kard. Gazi Ya\u015fargil Kad\u0131n Do\u011fum ve \u00c7ocuk Hastal\u0131klar\u0131 Hastanesi Onur DOYURGAN Do\u00e7ent Cerrah Gazi &#8230; <a title=\"Doctors in Diyarbak\u0131r\" class=\"read-more\" href=\"https:\/\/turkpedkar.org.tr\/en\/diyarbakir-doktorlari\/\" aria-label=\"Read more about Diyarbak\u0131r Doktorlar\u0131\">Read more<\/a><\/p>","protected":false},"author":1,"featured_media":0,"parent":0,"menu_order":0,"comment_status":"closed","ping_status":"closed","template":"","meta":{"footnotes":""},"class_list":["post-1186","page","type-page","status-publish"],"_links":{"self":[{"href":"https:\/\/turkpedkar.org.tr\/en\/wp-json\/wp\/v2\/pages\/1186","targetHints":{"allow":["GET"]}}],"collection":[{"href":"https:\/\/turkpedkar.org.tr\/en\/wp-json\/wp\/v2\/pages"}],"about":[{"href":"https:\/\/turkpedkar.org.tr\/en\/wp-json\/wp\/v2\/types\/page"}],"author":[{"embeddable":true,"href":"https:\/\/turkpedkar.org.tr\/en\/wp-json\/wp\/v2\/users\/1"}],"replies":[{"embeddable":true,"href":"https:\/\/turkpedkar.org.tr\/en\/wp-json\/wp\/v2\/comments?post=1186"}],"version-history":[{"count":2,"href":"https:\/\/turkpedkar.org.tr\/en\/wp-json\/wp\/v2\/pages\/1186\/revisions"}],"predecessor-version":[{"id":150992,"href":"https:\/\/turkpedkar.org.tr\/en\/wp-json\/wp\/v2\/pages\/1186\/revisions\/150992"}],"wp:attachment":[{"href":"https:\/\/turkpedkar.org.tr\/en\/wp-json\/wp\/v2\/media?parent=1186"}],"curies":[{"name":"wp","href":"https:\/\/api.w.org\/{rel}","templated":true}]}}