{"id":1184,"date":"2013-11-12T12:08:30","date_gmt":"2013-11-12T10:08:30","guid":{"rendered":"http:\/\/test.bartekyazilim.com\/?page_id=1184"},"modified":"2025-09-09T12:42:45","modified_gmt":"2025-09-09T09:42:45","slug":"denizli-doktorlari","status":"publish","type":"page","link":"https:\/\/turkpedkar.org.tr\/en\/denizli-doktorlari\/","title":{"rendered":"Doctors in Denizli"},"content":{"rendered":"<figure class=\"wp-block-table\"><table class=\"has-fixed-layout\"><tbody><tr><td><strong>FIRST NAME<\/strong><\/td><td><strong>LAST NAME<\/strong><\/td><td><strong>TITLE<\/strong><\/td><td><strong>SPECIALTY<\/strong><\/td><td><strong>WORK ADDRESS<\/strong><\/td><\/tr><tr><td>Ey\u00fcp<\/td><td>ASLAN<\/td><td>Asst. Prof.<\/td><td>Pediatric Cardiologist<\/td><td>Pamukkale \u00dcniversitesi T\u0131p Fak\u00fcltesi<\/td><\/tr><tr><td>Ahmet<\/td><td>BALTALARLI<\/td><td>Professor<\/td><td>Heart Surgeon<\/td><td>Pamukkale \u00dcniversitesi T\u0131p Fak\u00fcltesi<\/td><\/tr><tr><td>M\u00fcnevver<\/td><td>DEREL\u0130<\/td><td>Attending Physician<\/td><td>Heart Surgeon<\/td><td>Denizli Devlet Hastanesi<\/td><\/tr><tr><td>Mustafa<\/td><td>DO\u011eAN<\/td><td>Assoc. Prof.<\/td><td>Pediatric Cardiologist<\/td><td>Pamukkale \u00dcniversitesi T\u0131p Fak\u00fcltesi<\/td><\/tr><tr><td>Merve<\/td><td>O\u011eUZ<\/td><td>Yan Dal Asistan\u0131<\/td><td>Pediatric Cardiologist<\/td><td>Pamukkale \u00dcniversitesi T\u0131p Fak\u00fcltesi<\/td><\/tr><tr><td>Emine<\/td><td>SAYIN<\/td><td>Yan Dal Asistan\u0131<\/td><td>Pediatric Cardiologist<\/td><td>Pamukkale \u00dcniversitesi T\u0131p Fak\u00fcltesi<\/td><\/tr><tr><td>M\u00fcnevver<\/td><td>YILMAZ<\/td><td>Attending Physician<\/td><td>Pediatric Cardiologist<\/td><td>Pamukkale \u00dcniversitesi T\u0131p Fak\u00fcltesi<\/td><\/tr><\/tbody><\/table><\/figure>","protected":false},"excerpt":{"rendered":"<p>ADI SOYADI UNVANI BRAN\u015eI \u0130\u015e ADRES\u0130 Ey\u00fcp ASLAN Dr. \u00d6\u011fretim \u00dcyesi Kard. Pamukkale \u00dcniversitesi T\u0131p Fak\u00fcltesi Ahmet BALTALARLI Profes\u00f6r Cerrah Pamukkale \u00dcniversitesi T\u0131p Fak\u00fcltesi M\u00fcnevver DEREL\u0130 Uzman Cerrah Denizli Devlet Hastanesi Mustafa DO\u011eAN Do\u00e7ent Kard. Pamukkale \u00dcniversitesi T\u0131p Fak\u00fcltesi Merve O\u011eUZ Yan Dal Asistan\u0131 Kard. Pamukkale \u00dcniversitesi T\u0131p Fak\u00fcltesi Emine SAYIN Yan Dal Asistan\u0131 Kard. &#8230; <a title=\"Doctors in Denizli\" class=\"read-more\" href=\"https:\/\/turkpedkar.org.tr\/en\/denizli-doktorlari\/\" aria-label=\"Read more about Denizli Doktorlar\u0131\">Read more<\/a><\/p>","protected":false},"author":1,"featured_media":0,"parent":0,"menu_order":0,"comment_status":"closed","ping_status":"closed","template":"","meta":{"footnotes":""},"class_list":["post-1184","page","type-page","status-publish"],"_links":{"self":[{"href":"https:\/\/turkpedkar.org.tr\/en\/wp-json\/wp\/v2\/pages\/1184","targetHints":{"allow":["GET"]}}],"collection":[{"href":"https:\/\/turkpedkar.org.tr\/en\/wp-json\/wp\/v2\/pages"}],"about":[{"href":"https:\/\/turkpedkar.org.tr\/en\/wp-json\/wp\/v2\/types\/page"}],"author":[{"embeddable":true,"href":"https:\/\/turkpedkar.org.tr\/en\/wp-json\/wp\/v2\/users\/1"}],"replies":[{"embeddable":true,"href":"https:\/\/turkpedkar.org.tr\/en\/wp-json\/wp\/v2\/comments?post=1184"}],"version-history":[{"count":3,"href":"https:\/\/turkpedkar.org.tr\/en\/wp-json\/wp\/v2\/pages\/1184\/revisions"}],"predecessor-version":[{"id":151490,"href":"https:\/\/turkpedkar.org.tr\/en\/wp-json\/wp\/v2\/pages\/1184\/revisions\/151490"}],"wp:attachment":[{"href":"https:\/\/turkpedkar.org.tr\/en\/wp-json\/wp\/v2\/media?parent=1184"}],"curies":[{"name":"wp","href":"https:\/\/api.w.org\/{rel}","templated":true}]}}