{"id":1182,"date":"2013-11-12T12:12:10","date_gmt":"2013-11-12T10:12:10","guid":{"rendered":"http:\/\/test.bartekyazilim.com\/?page_id=1182"},"modified":"2025-08-20T17:12:55","modified_gmt":"2025-08-20T14:12:55","slug":"mersin-doktorlari","status":"publish","type":"page","link":"https:\/\/turkpedkar.org.tr\/en\/mersin-doktorlari\/","title":{"rendered":"Doctors in Mersin"},"content":{"rendered":"<figure class=\"wp-block-table\"><table class=\"has-fixed-layout\"><tbody><tr><td><strong>FIRST NAME<\/strong><\/td><td><strong>LAST NAME<\/strong><\/td><td><strong>TITLE<\/strong><\/td><td><strong>SPECIALTY<\/strong><\/td><td><strong>WORK ADDRESS<\/strong><\/td><\/tr><tr><td>Bilge<\/td><td>ATLI<\/td><td>Yan Dal Asistan\u0131<\/td><td>Pediatric Cardiologist<\/td><td>Mersin \u00dcniversitesi T\u0131p Fak\u00fcltesi<\/td><\/tr><tr><td>Derya<\/td><td>DUMAN<\/td><td>Assoc. Prof.<\/td><td>Pediatric Cardiologist<\/td><td>Mersin \u00dcniversitesi T\u0131p Fak\u00fcltesi<\/td><\/tr><tr><td>Derya<\/td><td>KARPUZ<\/td><td>Professor<\/td><td>Pediatric Cardiologist<\/td><td>Mersin \u00dcniversitesi T\u0131p Fak\u00fcltesi<\/td><\/tr><tr><td>\u00d6zlem<\/td><td>KAYABEY \u00c7OLAK<\/td><td>Attending Physician<\/td><td>Pediatric Cardiologist<\/td><td>Mersin \u015eehir E\u011fitim ve Ara\u015ft\u0131rma Hastanesi<\/td><\/tr><tr><td>Murat<\/td><td>\u00d6ZEREN<\/td><td>Professor<\/td><td>Heart Surgeon<\/td><td>Mersin \u00dcniversitesi T\u0131p Fak\u00fcltesi<\/td><\/tr><tr><td>Abdullah<\/td><td>\u00d6ZYURT<\/td><td>Professor<\/td><td>Pediatric Cardiologist<\/td><td>Medical Park Mersin Hastanesi<\/td><\/tr><\/tbody><\/table><\/figure>","protected":false},"excerpt":{"rendered":"<p>ADI SOYADI UNVANI BRAN\u015eI \u0130\u015e ADRES\u0130 Bilge ATLI Yan Dal Asistan\u0131 Kard. Mersin \u00dcniversitesi T\u0131p Fak\u00fcltesi Derya DUMAN Do\u00e7ent Kard. Mersin \u00dcniversitesi T\u0131p Fak\u00fcltesi Derya KARPUZ Profes\u00f6r Kard. Mersin \u00dcniversitesi T\u0131p Fak\u00fcltesi \u00d6zlem KAYABEY \u00c7OLAK Uzman Kard. Mersin \u015eehir E\u011fitim ve Ara\u015ft\u0131rma Hastanesi Murat \u00d6ZEREN Profes\u00f6r Cerrah Mersin \u00dcniversitesi T\u0131p Fak\u00fcltesi Abdullah \u00d6ZYURT Profes\u00f6r Kard. &#8230; <a title=\"Doctors in Mersin\" class=\"read-more\" href=\"https:\/\/turkpedkar.org.tr\/en\/mersin-doktorlari\/\" aria-label=\"Read more about Mersin Doktorlar\u0131\">Read more<\/a><\/p>","protected":false},"author":1,"featured_media":0,"parent":0,"menu_order":0,"comment_status":"closed","ping_status":"closed","template":"","meta":{"footnotes":""},"class_list":["post-1182","page","type-page","status-publish"],"_links":{"self":[{"href":"https:\/\/turkpedkar.org.tr\/en\/wp-json\/wp\/v2\/pages\/1182","targetHints":{"allow":["GET"]}}],"collection":[{"href":"https:\/\/turkpedkar.org.tr\/en\/wp-json\/wp\/v2\/pages"}],"about":[{"href":"https:\/\/turkpedkar.org.tr\/en\/wp-json\/wp\/v2\/types\/page"}],"author":[{"embeddable":true,"href":"https:\/\/turkpedkar.org.tr\/en\/wp-json\/wp\/v2\/users\/1"}],"replies":[{"embeddable":true,"href":"https:\/\/turkpedkar.org.tr\/en\/wp-json\/wp\/v2\/comments?post=1182"}],"version-history":[{"count":2,"href":"https:\/\/turkpedkar.org.tr\/en\/wp-json\/wp\/v2\/pages\/1182\/revisions"}],"predecessor-version":[{"id":151034,"href":"https:\/\/turkpedkar.org.tr\/en\/wp-json\/wp\/v2\/pages\/1182\/revisions\/151034"}],"wp:attachment":[{"href":"https:\/\/turkpedkar.org.tr\/en\/wp-json\/wp\/v2\/media?parent=1182"}],"curies":[{"name":"wp","href":"https:\/\/api.w.org\/{rel}","templated":true}]}}