{"id":1180,"date":"2013-11-12T12:06:33","date_gmt":"2013-11-12T10:06:33","guid":{"rendered":"http:\/\/test.bartekyazilim.com\/?page_id=1180"},"modified":"2025-08-20T14:49:27","modified_gmt":"2025-08-20T11:49:27","slug":"bursa-doktorlari","status":"publish","type":"page","link":"https:\/\/turkpedkar.org.tr\/en\/bursa-doktorlari\/","title":{"rendered":"Doctors in Bursa"},"content":{"rendered":"<figure class=\"wp-block-table\"><table class=\"has-fixed-layout\"><tbody><tr><td><strong>FIRST NAME<\/strong><\/td><td><strong>LAST NAME<\/strong><\/td><td><strong>TITLE<\/strong><\/td><td><strong>SPECIALTY<\/strong><\/td><td><strong>WORK ADDRESS<\/strong><\/td><\/tr><tr><td>Tolga<\/td><td>AKBA\u015e<\/td><td>Attending Physician<\/td><td>Pediatric Cardiologist<\/td><td>Bursa Y\u00fcksek ihtisas Hastanesi<\/td><\/tr><tr><td>Hakan<\/td><td>ALTIN<\/td><td>Assoc. Prof.<\/td><td>Pediatric Cardiologist<\/td><td>Bursa \u015eehir Hastanesi<\/td><\/tr><tr><td>\u00d6zlem Mehtap<\/td><td>BOSTAN<\/td><td>Professor<\/td><td>Pediatric Cardiologist<\/td><td>Uluda\u011f \u00dcniversitesi T\u0131p Fak\u00fcltesi<\/td><\/tr><tr><td>Erg\u00fcn<\/td><td>\u00c7\u0130L<\/td><td>Professor<\/td><td>Pediatric Cardiologist<\/td><td>Uluda\u011f \u00dcniversitesi T\u0131p Fak\u00fcltesi<\/td><\/tr><tr><td>Faruk<\/td><td>EREN<\/td><td>Yan Dal Asistan\u0131<\/td><td>Pediatric Cardiologist<\/td><td>Uluda\u011f \u00dcniversitesi T\u0131p Fak\u00fcltesi<\/td><\/tr><tr><td>Hakan<\/td><td>FELEK<\/td><td>Yan Dal Asistan\u0131<\/td><td>Pediatric Cardiologist<\/td><td>Uluda\u011f \u00dcniversitesi T\u0131p Fak\u00fcltesi<\/td><\/tr><tr><td>Abd\u00fcsselam<\/td><td>GEN\u00c7<\/td><td>Attending Physician<\/td><td>Pediatric Cardiologist<\/td><td>Bursa \u015eehir Hastanesi<\/td><\/tr><tr><td>Mustafa<\/td><td>G\u00dcNE\u015e<\/td><td>Attending Physician<\/td><td>Heart Surgeon<\/td><td>Uluda\u011f \u00dcniversitesi T\u0131p Fak\u00fcltesi Hastanesi<\/td><\/tr><tr><td>Mehmet Taha<\/td><td>K\u00d6KBIYIK<\/td><td>Yan Dal Asistan\u0131<\/td><td>Pediatric Cardiologist<\/td><td>Uluda\u011f \u00dcniversitesi T\u0131p Fak\u00fcltesi<\/td><\/tr><tr><td>Mustafa<\/td><td>K\u00d6SEC\u0130K<\/td><td>Professor<\/td><td>Pediatric Cardiologist<\/td><td>Uluda\u011f \u00dcniversitesi T\u0131p Fak\u00fcltesi Hastanesi<\/td><\/tr><tr><td>Soner<\/td><td>KUMTEPE<\/td><td>Attending Physician<\/td><td>Pediatric Cardiologist<\/td><td>Bursa D\u00f6rt\u00e7elik \u00c7ocuk Hastanesi<\/td><\/tr><tr><td>Hakan<\/td><td>K\u00dc\u00c7\u00dcKER<\/td><td>Yan Dal Asistan\u0131<\/td><td>Pediatric Cardiologist<\/td><td>Uluda\u011f \u00dcniversitesi T\u0131p Fak\u00fcltesi<\/td><\/tr><tr><td>Hamide<\/td><td>MELEK<\/td><td>Attending Physician<\/td><td>Pediatric Cardiologist<\/td><td>Bursa Y\u00fcksek \u0130htisas EAH<\/td><\/tr><tr><td>Seyyit Bahettin<\/td><td>\u00d6NC\u00dc<\/td><td>Attending Physician<\/td><td>Pediatric Cardiologist<\/td><td>Bursa \u00d6zel Medicana Hastanesi<\/td><\/tr><tr><td>Serkan<\/td><td>SE\u00c7\u0130C\u0130<\/td><td>Attending Physician<\/td><td>Heart Surgeon<\/td><td>Bursa Medicana Hastanesi<\/td><\/tr><tr><td>Evren<\/td><td>SEM\u0130ZEL SOYER<\/td><td>Assoc. Prof.<\/td><td>Pediatric Cardiologist<\/td><td>Serbest<\/td><\/tr><tr><td>I\u015f\u0131k<\/td><td>\u015eENKAYA SI\u011eNAK<\/td><td>Professor<\/td><td>Heart Surgeon<\/td><td>Uluda\u011f \u00dcniversitesi T\u0131p Fak\u00fcltesi<\/td><\/tr><tr><td>Fahrettin<\/td><td>UYSAL<\/td><td>Professor<\/td><td>Pediatric Cardiologist<\/td><td>Uluda\u011f \u00dcniversitesi T\u0131p Fak\u00fcltesi<\/td><\/tr><\/tbody><\/table><\/figure>","protected":false},"excerpt":{"rendered":"<p>ADI SOYADI UNVANI BRAN\u015eI \u0130\u015e ADRES\u0130 Tolga AKBA\u015e Uzman Kard. Bursa Y\u00fcksek ihtisas Hastanesi Hakan ALTIN Do\u00e7ent Kard. Bursa \u015eehir Hastanesi \u00d6zlem Mehtap BOSTAN Profes\u00f6r Kard. Uluda\u011f \u00dcniversitesi T\u0131p Fak\u00fcltesi Erg\u00fcn \u00c7\u0130L Profes\u00f6r Kard. Uluda\u011f \u00dcniversitesi T\u0131p Fak\u00fcltesi Faruk EREN Yan Dal Asistan\u0131 Kard. Uluda\u011f \u00dcniversitesi T\u0131p Fak\u00fcltesi Hakan FELEK Yan Dal Asistan\u0131 Kard. Uluda\u011f &#8230; <a title=\"Doctors in Bursa\" class=\"read-more\" href=\"https:\/\/turkpedkar.org.tr\/en\/bursa-doktorlari\/\" aria-label=\"Read more about Bursa Doktorlar\u0131\">Read more<\/a><\/p>","protected":false},"author":1,"featured_media":0,"parent":0,"menu_order":0,"comment_status":"closed","ping_status":"closed","template":"","meta":{"footnotes":""},"class_list":["post-1180","page","type-page","status-publish"],"_links":{"self":[{"href":"https:\/\/turkpedkar.org.tr\/en\/wp-json\/wp\/v2\/pages\/1180","targetHints":{"allow":["GET"]}}],"collection":[{"href":"https:\/\/turkpedkar.org.tr\/en\/wp-json\/wp\/v2\/pages"}],"about":[{"href":"https:\/\/turkpedkar.org.tr\/en\/wp-json\/wp\/v2\/types\/page"}],"author":[{"embeddable":true,"href":"https:\/\/turkpedkar.org.tr\/en\/wp-json\/wp\/v2\/users\/1"}],"replies":[{"embeddable":true,"href":"https:\/\/turkpedkar.org.tr\/en\/wp-json\/wp\/v2\/comments?post=1180"}],"version-history":[{"count":3,"href":"https:\/\/turkpedkar.org.tr\/en\/wp-json\/wp\/v2\/pages\/1180\/revisions"}],"predecessor-version":[{"id":150985,"href":"https:\/\/turkpedkar.org.tr\/en\/wp-json\/wp\/v2\/pages\/1180\/revisions\/150985"}],"wp:attachment":[{"href":"https:\/\/turkpedkar.org.tr\/en\/wp-json\/wp\/v2\/media?parent=1180"}],"curies":[{"name":"wp","href":"https:\/\/api.w.org\/{rel}","templated":true}]}}