{"id":1176,"date":"2013-11-12T12:02:52","date_gmt":"2013-11-12T10:02:52","guid":{"rendered":"http:\/\/test.bartekyazilim.com\/?page_id=1176"},"modified":"2025-07-31T16:31:08","modified_gmt":"2025-07-31T13:31:08","slug":"sakarya-doktorlari","status":"publish","type":"page","link":"https:\/\/turkpedkar.org.tr\/en\/sakarya-doktorlari\/","title":{"rendered":"Doctors in Sakarya"},"content":{"rendered":"<table width=\"772\">\n<tbody>\n<tr>\n<td width=\"110\"><strong>FIRST NAME<\/strong><\/td>\n<td width=\"137\"><strong>LAST NAME<\/strong><\/td>\n<td width=\"126\"><strong>TITLE<\/strong><\/td>\n<td width=\"65\"><strong>SPECIALTY<\/strong><\/td>\n<td width=\"290\"><strong>WORK ADDRESS<\/strong><\/td>\n<\/tr>\n<tr>\n<td>\tAk\u0131n<\/td>\n<td>\tARSLAN<\/td>\n<td>\tAsst. Prof.<\/td>\n<td>\tHeart Surgeon<\/td>\n<td>\tSakarya \u00dcniversitesi T\u0131p Fak\u00fcltesi<\/td>\n<\/tr>\n<tr>\n<td>\tP\u0131nar<\/td>\n<td>\tDERV\u0130\u015eO\u011eLU \u00c7AVDARO\u011eLU<\/td>\n<td>\tAssoc. Prof.<\/td>\n<td>\tPediatric Cardiologist<\/td>\n<td>\tSakarya \u00dcniversitesi T\u0131p Fak\u00fcltesi<\/td>\n<\/tr>\n<tr>\n<td>\tMuhammed<\/td>\n<td>\tG\u00dcNE\u015e<\/td>\n<td>\tAttending Physician<\/td>\n<td>\tPediatric Cardiologist<\/td>\n<td>\tSakarya EAH<\/td>\n<\/tr>\n<\/tbody>\n<\/table>","protected":false},"excerpt":{"rendered":"<p>ADI SOYADI UNVANI BRAN\u015eI \u0130\u015e ADRES\u0130 Ak\u0131n ARSLAN Dr.\u00d6\u011fretim \u00dcyesi Cerrah Sakarya \u00dcniversitesi T\u0131p Fak\u00fcltesi P\u0131nar DERV\u0130\u015eO\u011eLU \u00c7AVDARO\u011eLU Do\u00e7ent Kard. Sakarya \u00dcniversitesi T\u0131p Fak\u00fcltesi Muhammed G\u00dcNE\u015e Uzman Kard. Sakarya EAH<\/p>","protected":false},"author":1,"featured_media":0,"parent":0,"menu_order":0,"comment_status":"closed","ping_status":"closed","template":"","meta":{"footnotes":""},"class_list":["post-1176","page","type-page","status-publish"],"_links":{"self":[{"href":"https:\/\/turkpedkar.org.tr\/en\/wp-json\/wp\/v2\/pages\/1176","targetHints":{"allow":["GET"]}}],"collection":[{"href":"https:\/\/turkpedkar.org.tr\/en\/wp-json\/wp\/v2\/pages"}],"about":[{"href":"https:\/\/turkpedkar.org.tr\/en\/wp-json\/wp\/v2\/types\/page"}],"author":[{"embeddable":true,"href":"https:\/\/turkpedkar.org.tr\/en\/wp-json\/wp\/v2\/users\/1"}],"replies":[{"embeddable":true,"href":"https:\/\/turkpedkar.org.tr\/en\/wp-json\/wp\/v2\/comments?post=1176"}],"version-history":[{"count":1,"href":"https:\/\/turkpedkar.org.tr\/en\/wp-json\/wp\/v2\/pages\/1176\/revisions"}],"predecessor-version":[{"id":150616,"href":"https:\/\/turkpedkar.org.tr\/en\/wp-json\/wp\/v2\/pages\/1176\/revisions\/150616"}],"wp:attachment":[{"href":"https:\/\/turkpedkar.org.tr\/en\/wp-json\/wp\/v2\/media?parent=1176"}],"curies":[{"name":"wp","href":"https:\/\/api.w.org\/{rel}","templated":true}]}}