{"id":1174,"date":"2013-11-12T12:01:25","date_gmt":"2013-11-12T10:01:25","guid":{"rendered":"http:\/\/test.bartekyazilim.com\/?page_id=1174"},"modified":"2025-08-20T12:57:33","modified_gmt":"2025-08-20T09:57:33","slug":"balikesir-doktorlari","status":"publish","type":"page","link":"https:\/\/turkpedkar.org.tr\/en\/balikesir-doktorlari\/","title":{"rendered":"Doctors in Bal\u0131kesir"},"content":{"rendered":"<figure class=\"wp-block-table\"><table class=\"has-fixed-layout\"><tbody><tr><td><strong>FIRST NAME<\/strong><\/td><td><strong>LAST NAME<\/strong><\/td><td><strong>TITLE<\/strong><\/td><td><strong>SPECIALTY<\/strong><\/td><td><strong>WORK ADDRESS<\/strong><\/td><\/tr><tr><td>\u015eenay<\/td><td>AKBAY<\/td><td>Attending Physician<\/td><td>Pediatric Cardiologist<\/td><td>Bal\u0131kesir Atat\u00fcrk \u015eehir Hastanesi<\/td><\/tr><tr><td>M\u00fchlike<\/td><td>G\u00dcLER<\/td><td>Attending Physician<\/td><td>Pediatric Cardiologist<\/td><td>Bal\u0131kesir Atat\u00fcrk \u015eehir Hastanesi<\/td><\/tr><tr><td>Ula\u015f<\/td><td>KARADA\u015e<\/td><td>Attending Physician<\/td><td>Pediatric Cardiologist<\/td><td>Bal\u0131kesir Atat\u00fcrk Devlet Hastanesi<\/td><\/tr><\/tbody><\/table><\/figure>\n\n\n\n<p><\/p>","protected":false},"excerpt":{"rendered":"<p>ADI SOYADI UNVANI BRAN\u015eI \u0130\u015e ADRES\u0130 \u015eenay AKBAY Uzman Kard. Bal\u0131kesir Atat\u00fcrk \u015eehir Hastanesi M\u00fchlike G\u00dcLER Uzman Kard. Bal\u0131kesir Atat\u00fcrk \u015eehir Hastanesi Ula\u015f KARADA\u015e Uzman Kard. Bal\u0131kesir Atat\u00fcrk Devlet Hastanesi<\/p>","protected":false},"author":1,"featured_media":0,"parent":0,"menu_order":0,"comment_status":"closed","ping_status":"closed","template":"","meta":{"footnotes":""},"class_list":["post-1174","page","type-page","status-publish"],"_links":{"self":[{"href":"https:\/\/turkpedkar.org.tr\/en\/wp-json\/wp\/v2\/pages\/1174","targetHints":{"allow":["GET"]}}],"collection":[{"href":"https:\/\/turkpedkar.org.tr\/en\/wp-json\/wp\/v2\/pages"}],"about":[{"href":"https:\/\/turkpedkar.org.tr\/en\/wp-json\/wp\/v2\/types\/page"}],"author":[{"embeddable":true,"href":"https:\/\/turkpedkar.org.tr\/en\/wp-json\/wp\/v2\/users\/1"}],"replies":[{"embeddable":true,"href":"https:\/\/turkpedkar.org.tr\/en\/wp-json\/wp\/v2\/comments?post=1174"}],"version-history":[{"count":2,"href":"https:\/\/turkpedkar.org.tr\/en\/wp-json\/wp\/v2\/pages\/1174\/revisions"}],"predecessor-version":[{"id":150967,"href":"https:\/\/turkpedkar.org.tr\/en\/wp-json\/wp\/v2\/pages\/1174\/revisions\/150967"}],"wp:attachment":[{"href":"https:\/\/turkpedkar.org.tr\/en\/wp-json\/wp\/v2\/media?parent=1174"}],"curies":[{"name":"wp","href":"https:\/\/api.w.org\/{rel}","templated":true}]}}