{"id":1172,"date":"2013-11-12T11:59:52","date_gmt":"2013-11-12T09:59:52","guid":{"rendered":"http:\/\/test.bartekyazilim.com\/?page_id=1172"},"modified":"2026-01-27T16:45:22","modified_gmt":"2026-01-27T13:45:22","slug":"antalya-doktorlari","status":"publish","type":"page","link":"https:\/\/turkpedkar.org.tr\/en\/antalya-doktorlari\/","title":{"rendered":"Doctors in Antalya"},"content":{"rendered":"<p><\/p>\n\n\n\n<figure class=\"wp-block-table\"><table class=\"has-fixed-layout\"><tbody><tr><td><strong>FIRST NAME <\/strong><\/td><td><strong> LAST NAME<\/strong><\/td><td><strong>TITLE<\/strong><\/td><td><strong>SPECIALTY<\/strong><\/td><td><strong>WORK ADDRESS<\/strong><\/td><\/tr><tr><td>Gayaz<\/td><td>AK\u00c7UR\u0130N<\/td><td>Professor<\/td><td>Pediatric Cardiologist<\/td><td>Medical Park&nbsp; Antalya Hastanesi<\/td><\/tr><tr><td>Muhammet<\/td><td>BULUT <\/td><td>Attending Physician<\/td><td>Pediatric Cardiologist<\/td><td>Alanya EAH<\/td><\/tr><tr><td>Filiz<\/td><td>EK\u0130C\u0130 <\/td><td>Professor<\/td><td>Pediatric Cardiologist<\/td><td>Akdeniz \u00dcniversitesi T\u0131p Fak\u00fcltesi<\/td><\/tr><tr><td>Yunus Emre<\/td><td>G\u00dcRHOPUR <\/td><td>Yan Dal Asistan\u0131<\/td><td>Pediatric Cardiologist<\/td><td>Akdeniz \u00dcniversitesi T\u0131p Fak\u00fcltesi<\/td><\/tr><tr><td>Cem\u015fit<\/td><td>KARAKURT <\/td><td>Professor<\/td><td>Pediatric Cardiologist<\/td><td>Medical Park&nbsp; Antalya Hastanesi<\/td><\/tr><tr><td>F\u0131rat<\/td><td>KARDELEN <\/td><td>Professor<\/td><td>Pediatric Cardiologist<\/td><td>Akdeniz \u00dcniversitesi T\u0131p Fak\u00fcltesi<\/td><\/tr><tr><td>Abdullah &nbsp; <\/td><td>KOCABA\u015e <\/td><td>Professor<\/td><td>Pediatric Cardiologist<\/td><td>SB\u00dc Antalya EAH<\/td><\/tr><tr><td>Melih<\/td><td>MORAN<\/td><td>Yan Dal Asistan\u0131<\/td><td>Pediatric Cardiologist<\/td><td>Antalya EAH<\/td><\/tr><tr><td>G\u00f6kmen <\/td><td>\u00d6ZDEM\u0130R<\/td><td>Attending Physician<\/td><td>Pediatric Cardiologist<\/td><td>Antalya EAH<\/td><\/tr><tr><td>Tu\u011fba Burcu<\/td><td>\u00d6ZT\u00dcRK G\u00d6ME\u00c7 <\/td><td>Yan Dal Asistan\u0131<\/td><td>Pediatric Cardiologist<\/td><td>Antalya EAH<\/td><\/tr><tr><td>Arife <\/td><td>SANCAKTAR <\/td><td>Yan Dal Asistan\u0131<\/td><td>Pediatric Cardiologist<\/td><td>Akdeniz \u00dcniversitesi T\u0131p Fak\u00fcltesi<\/td><\/tr><tr><td>Serdar <\/td><td>\u015eAH\u0130N <\/td><td>Yan Dal Asistan\u0131<\/td><td>Pediatric Cardiologist<\/td><td>Antalya EAH<\/td><\/tr><tr><td>Zehra Diyar <\/td><td>TAMBURACI&nbsp; <\/td><td>Attending Physician<\/td><td>Pediatric Cardiologist<\/td><td>Antalya EAH<\/td><\/tr><tr><td>Mehmet<\/td><td>UZUNO\u011eLU <\/td><td>Yan Dal Asistan\u0131<\/td><td>Pediatric Cardiologist<\/td><td>Akdeniz \u00dcniversitesi T\u0131p Fak\u00fcltesi<\/td><\/tr><tr><td> I\u015f\u0131l <\/td><td>YILDIRIM BA\u015eTUHAN<\/td><td>Assoc. Prof.<\/td><td>Pediatric Cardiologist<\/td><td>Antalya EAH<\/td><\/tr><tr><td>U\u011fur&nbsp; &nbsp;<\/td><td>ATALAY<\/td><td>Yan Dal Asistan\u0131<\/td><td>Pediatric Cardiologist<\/td><td>Antalya EAH<\/td><\/tr><tr><td>\u00d6zge<\/td><td>I\u015eITAN<\/td><td>Yan Dal Asistan\u0131<\/td><td>Pediatric Cardiologist<\/td><td>Antalya EAH<\/td><\/tr><\/tbody><\/table><\/figure>\n\n\n\n<p><\/p>","protected":false},"excerpt":{"rendered":"<p>ADI SOYADI UNVANI BRAN\u015eI \u0130\u015e ADRES\u0130 Gayaz AK\u00c7UR\u0130N Profes\u00f6r Kard. Medical Park&nbsp; Antalya Hastanesi Muhammet BULUT Uzman Kard. Alanya EAH Filiz EK\u0130C\u0130 Profes\u00f6r Kard. Akdeniz \u00dcniversitesi T\u0131p Fak\u00fcltesi Yunus Emre G\u00dcRHOPUR Yan Dal Asistan\u0131 Kard. Akdeniz \u00dcniversitesi T\u0131p Fak\u00fcltesi Cem\u015fit KARAKURT Profes\u00f6r Kard. Medical Park&nbsp; Antalya Hastanesi F\u0131rat KARDELEN Profes\u00f6r Kard. Akdeniz \u00dcniversitesi T\u0131p Fak\u00fcltesi &#8230; <a title=\"Doctors in Antalya\" class=\"read-more\" href=\"https:\/\/turkpedkar.org.tr\/en\/antalya-doktorlari\/\" aria-label=\"Read more about Antalya Doktorlar\u0131\">Read more<\/a><\/p>","protected":false},"author":1,"featured_media":0,"parent":0,"menu_order":0,"comment_status":"closed","ping_status":"closed","template":"","meta":{"footnotes":""},"class_list":["post-1172","page","type-page","status-publish"],"_links":{"self":[{"href":"https:\/\/turkpedkar.org.tr\/en\/wp-json\/wp\/v2\/pages\/1172","targetHints":{"allow":["GET"]}}],"collection":[{"href":"https:\/\/turkpedkar.org.tr\/en\/wp-json\/wp\/v2\/pages"}],"about":[{"href":"https:\/\/turkpedkar.org.tr\/en\/wp-json\/wp\/v2\/types\/page"}],"author":[{"embeddable":true,"href":"https:\/\/turkpedkar.org.tr\/en\/wp-json\/wp\/v2\/users\/1"}],"replies":[{"embeddable":true,"href":"https:\/\/turkpedkar.org.tr\/en\/wp-json\/wp\/v2\/comments?post=1172"}],"version-history":[{"count":3,"href":"https:\/\/turkpedkar.org.tr\/en\/wp-json\/wp\/v2\/pages\/1172\/revisions"}],"predecessor-version":[{"id":152909,"href":"https:\/\/turkpedkar.org.tr\/en\/wp-json\/wp\/v2\/pages\/1172\/revisions\/152909"}],"wp:attachment":[{"href":"https:\/\/turkpedkar.org.tr\/en\/wp-json\/wp\/v2\/media?parent=1172"}],"curies":[{"name":"wp","href":"https:\/\/api.w.org\/{rel}","templated":true}]}}