{"id":1169,"date":"2013-11-12T12:00:59","date_gmt":"2013-11-12T10:00:59","guid":{"rendered":"http:\/\/test.bartekyazilim.com\/?page_id=1169"},"modified":"2025-08-20T17:25:42","modified_gmt":"2025-08-20T14:25:42","slug":"samsun-doktorlari","status":"publish","type":"page","link":"https:\/\/turkpedkar.org.tr\/en\/samsun-doktorlari\/","title":{"rendered":"Doctors in Samsun"},"content":{"rendered":"<figure class=\"wp-block-table\"><table class=\"has-fixed-layout\"><tbody><tr><td><strong>FIRST NAME<\/strong><\/td><td><strong>LAST NAME<\/strong><\/td><td><strong>TITLE<\/strong><\/td><td><strong>SPECIALTY<\/strong><\/td><td><strong>WORK ADDRESS<\/strong><\/td><\/tr><tr><td>Mehmet Kemal<\/td><td>BAYSAL<\/td><td>Professor<\/td><td>Pediatric Cardiologist<\/td><td>Medicana International Samsun<\/td><\/tr><tr><td>Mustafa Kemal<\/td><td>DEM\u0130RA\u011e<\/td><td>Professor<\/td><td>Heart Surgeon<\/td><td>19 May\u0131s \u00dcniversitesi T\u0131p Fak\u00fcltesi<\/td><\/tr><tr><td>H\u00fcseyin<\/td><td>KARADA\u011e<\/td><td>Attending Physician<\/td><td>Pediatric Cardiologist<\/td><td>Samsun EAH<\/td><\/tr><tr><td>Hasan Tahsin<\/td><td>KE\u00c7EL\u0130G\u0130L<\/td><td>Professor<\/td><td>Heart Surgeon<\/td><td>19 May\u0131s \u00dcniversitesi T\u0131p Fak\u00fcltesi<\/td><\/tr><tr><td>Fer\u015fat<\/td><td>KOLBAKIR<\/td><td>Professor<\/td><td>Heart Surgeon<\/td><td>19 May\u0131s \u00dcniversitesi T\u0131p Fak\u00fcltesi<\/td><\/tr><tr><td>Mehmet<\/td><td>K\u00dc\u00c7\u00dcK<\/td><td>Assoc. Prof.<\/td><td>Pediatric Cardiologist<\/td><td>Samsun E\u011fitim ve Ara\u015ft\u0131rma Hastanesi<\/td><\/tr><tr><td>Arif<\/td><td>SEL\u00c7UK<\/td><td>Attending Physician<\/td><td>Heart Surgeon<\/td><td>Samsun EAH Kad\u0131n Do\u011fum ve \u00c7ocuk Hastal\u0131klar\u0131 Hastanesi<\/td><\/tr><tr><td>\u0130rfan O\u011fuz<\/td><td>\u015eAH\u0130N<\/td><td>Attending Physician<\/td><td>Pediatric Cardiologist<\/td><td>Ondokuz May\u0131s \u00dcniversitesi<\/td><\/tr><tr><td>Emre<\/td><td>USTA<\/td><td>Asst. Prof.<\/td><td>Pediatric Cardiologist<\/td><td>19 May\u0131s \u00dcniversitesi T\u0131p Fak\u00fcltesi<\/td><\/tr><\/tbody><\/table><\/figure>","protected":false},"excerpt":{"rendered":"<p>ADI SOYADI UNVANI BRAN\u015eI \u0130\u015e ADRES\u0130 Mehmet Kemal BAYSAL Profes\u00f6r Kard. Medicana International Samsun Mustafa Kemal DEM\u0130RA\u011e Profes\u00f6r Cerrah 19 May\u0131s \u00dcniversitesi T\u0131p Fak\u00fcltesi H\u00fcseyin KARADA\u011e Uzman Kard. Samsun EAH Hasan Tahsin KE\u00c7EL\u0130G\u0130L Profes\u00f6r Cerrah 19 May\u0131s \u00dcniversitesi T\u0131p Fak\u00fcltesi Fer\u015fat KOLBAKIR Profes\u00f6r Cerrah 19 May\u0131s \u00dcniversitesi T\u0131p Fak\u00fcltesi Mehmet K\u00dc\u00c7\u00dcK Do\u00e7ent Kard. Samsun E\u011fitim &#8230; <a title=\"Doctors in Samsun\" class=\"read-more\" href=\"https:\/\/turkpedkar.org.tr\/en\/samsun-doktorlari\/\" aria-label=\"Read more about Samsun Doktorlar\u0131\">Read more<\/a><\/p>","protected":false},"author":1,"featured_media":0,"parent":0,"menu_order":0,"comment_status":"closed","ping_status":"closed","template":"","meta":{"footnotes":""},"class_list":["post-1169","page","type-page","status-publish"],"_links":{"self":[{"href":"https:\/\/turkpedkar.org.tr\/en\/wp-json\/wp\/v2\/pages\/1169","targetHints":{"allow":["GET"]}}],"collection":[{"href":"https:\/\/turkpedkar.org.tr\/en\/wp-json\/wp\/v2\/pages"}],"about":[{"href":"https:\/\/turkpedkar.org.tr\/en\/wp-json\/wp\/v2\/types\/page"}],"author":[{"embeddable":true,"href":"https:\/\/turkpedkar.org.tr\/en\/wp-json\/wp\/v2\/users\/1"}],"replies":[{"embeddable":true,"href":"https:\/\/turkpedkar.org.tr\/en\/wp-json\/wp\/v2\/comments?post=1169"}],"version-history":[{"count":2,"href":"https:\/\/turkpedkar.org.tr\/en\/wp-json\/wp\/v2\/pages\/1169\/revisions"}],"predecessor-version":[{"id":151040,"href":"https:\/\/turkpedkar.org.tr\/en\/wp-json\/wp\/v2\/pages\/1169\/revisions\/151040"}],"wp:attachment":[{"href":"https:\/\/turkpedkar.org.tr\/en\/wp-json\/wp\/v2\/media?parent=1169"}],"curies":[{"name":"wp","href":"https:\/\/api.w.org\/{rel}","templated":true}]}}