{"id":1167,"date":"2013-11-12T11:51:52","date_gmt":"2013-11-12T09:51:52","guid":{"rendered":"http:\/\/test.bartekyazilim.com\/?page_id=1167"},"modified":"2025-08-20T17:30:51","modified_gmt":"2025-08-20T14:30:51","slug":"sivas-doktorlari","status":"publish","type":"page","link":"https:\/\/turkpedkar.org.tr\/en\/sivas-doktorlari\/","title":{"rendered":"Doctors in Sivas"},"content":{"rendered":"<figure class=\"wp-block-table\"><table class=\"has-fixed-layout\"><tbody><tr><td><strong>FIRST NAME<\/strong><\/td><td><strong>LAST NAME<\/strong><\/td><td><strong>TITLE<\/strong><\/td><td><strong>SPECIALTY<\/strong><\/td><td><strong>WORK ADDRESS<\/strong><\/td><\/tr><tr><td>Vural<\/td><td>POLAT<\/td><td>Asst. Prof.<\/td><td>Heart Surgeon<\/td><td>Cumhuriyet \u00dcniversitesi T\u0131p Fak\u00fcltesi<\/td><\/tr><\/tbody><\/table><\/figure>","protected":false},"excerpt":{"rendered":"<p>ADI SOYADI UNVANI BRAN\u015eI \u0130\u015e ADRES\u0130 Vural POLAT Dr.\u00d6\u011fretim \u00dcyesi Cerrah Cumhuriyet \u00dcniversitesi T\u0131p Fak\u00fcltesi<\/p>","protected":false},"author":1,"featured_media":0,"parent":0,"menu_order":0,"comment_status":"closed","ping_status":"closed","template":"","meta":{"footnotes":""},"class_list":["post-1167","page","type-page","status-publish"],"_links":{"self":[{"href":"https:\/\/turkpedkar.org.tr\/en\/wp-json\/wp\/v2\/pages\/1167","targetHints":{"allow":["GET"]}}],"collection":[{"href":"https:\/\/turkpedkar.org.tr\/en\/wp-json\/wp\/v2\/pages"}],"about":[{"href":"https:\/\/turkpedkar.org.tr\/en\/wp-json\/wp\/v2\/types\/page"}],"author":[{"embeddable":true,"href":"https:\/\/turkpedkar.org.tr\/en\/wp-json\/wp\/v2\/users\/1"}],"replies":[{"embeddable":true,"href":"https:\/\/turkpedkar.org.tr\/en\/wp-json\/wp\/v2\/comments?post=1167"}],"version-history":[{"count":2,"href":"https:\/\/turkpedkar.org.tr\/en\/wp-json\/wp\/v2\/pages\/1167\/revisions"}],"predecessor-version":[{"id":151043,"href":"https:\/\/turkpedkar.org.tr\/en\/wp-json\/wp\/v2\/pages\/1167\/revisions\/151043"}],"wp:attachment":[{"href":"https:\/\/turkpedkar.org.tr\/en\/wp-json\/wp\/v2\/media?parent=1167"}],"curies":[{"name":"wp","href":"https:\/\/api.w.org\/{rel}","templated":true}]}}