{"id":1165,"date":"2013-11-12T11:48:20","date_gmt":"2013-11-12T09:48:20","guid":{"rendered":"http:\/\/test.bartekyazilim.com\/?page_id=1165"},"modified":"2025-08-20T17:44:31","modified_gmt":"2025-08-20T14:44:31","slug":"sanliurfa-doktorlari","status":"publish","type":"page","link":"https:\/\/turkpedkar.org.tr\/en\/sanliurfa-doktorlari\/","title":{"rendered":"Doctors in \u015eanl\u0131urfa"},"content":{"rendered":"<figure class=\"wp-block-table\"><table class=\"has-fixed-layout\"><tbody><tr><td><strong>FIRST NAME<\/strong><\/td><td><strong>LAST NAME<\/strong><\/td><td><strong>TITLE<\/strong><\/td><td><strong>SPECIALTY<\/strong><\/td><td><strong>WORK ADDRESS<\/strong><\/td><\/tr><tr><td>Bahar<\/td><td>\u00c7ARAN<\/td><td>Attending Physician<\/td><td>Pediatric Cardiologist<\/td><td>\u015eanl\u0131urfa EAH<\/td><\/tr><tr><td>O\u011fuzhan<\/td><td>DO\u011eAN<\/td><td>Attending Physician<\/td><td>Pediatric Cardiologist<\/td><td>Mehmet Akif \u0130nan EAH<\/td><\/tr><tr><td>Sedat<\/td><td>\u00d6ZT\u00dcRK<\/td><td>Attending Physician<\/td><td>Pediatric Cardiologist<\/td><td>\u015eanl\u0131urfa EAH<\/td><\/tr><tr><td>Ay\u015fe<\/td><td>\u00dcNAL Y\u00dcKSEKG\u00d6N\u00dcL<\/td><td>Attending Physician<\/td><td>Pediatric Cardiologist<\/td><td>Mehmet Akif \u0130nan EAH<\/td><\/tr><\/tbody><\/table><\/figure>","protected":false},"excerpt":{"rendered":"<p>ADI SOYADI UNVANI BRAN\u015eI \u0130\u015e ADRES\u0130 Bahar \u00c7ARAN Uzman Kard. \u015eanl\u0131urfa EAH O\u011fuzhan DO\u011eAN Uzman Kard. Mehmet Akif \u0130nan EAH Sedat \u00d6ZT\u00dcRK Uzman Kard. \u015eanl\u0131urfa EAH Ay\u015fe \u00dcNAL Y\u00dcKSEKG\u00d6N\u00dcL Uzman Kard. Mehmet Akif \u0130nan EAH<\/p>","protected":false},"author":1,"featured_media":0,"parent":0,"menu_order":0,"comment_status":"closed","ping_status":"closed","template":"","meta":{"footnotes":""},"class_list":["post-1165","page","type-page","status-publish"],"_links":{"self":[{"href":"https:\/\/turkpedkar.org.tr\/en\/wp-json\/wp\/v2\/pages\/1165","targetHints":{"allow":["GET"]}}],"collection":[{"href":"https:\/\/turkpedkar.org.tr\/en\/wp-json\/wp\/v2\/pages"}],"about":[{"href":"https:\/\/turkpedkar.org.tr\/en\/wp-json\/wp\/v2\/types\/page"}],"author":[{"embeddable":true,"href":"https:\/\/turkpedkar.org.tr\/en\/wp-json\/wp\/v2\/users\/1"}],"replies":[{"embeddable":true,"href":"https:\/\/turkpedkar.org.tr\/en\/wp-json\/wp\/v2\/comments?post=1165"}],"version-history":[{"count":4,"href":"https:\/\/turkpedkar.org.tr\/en\/wp-json\/wp\/v2\/pages\/1165\/revisions"}],"predecessor-version":[{"id":151055,"href":"https:\/\/turkpedkar.org.tr\/en\/wp-json\/wp\/v2\/pages\/1165\/revisions\/151055"}],"wp:attachment":[{"href":"https:\/\/turkpedkar.org.tr\/en\/wp-json\/wp\/v2\/media?parent=1165"}],"curies":[{"name":"wp","href":"https:\/\/api.w.org\/{rel}","templated":true}]}}