{"id":1163,"date":"2013-11-12T11:45:24","date_gmt":"2013-11-12T09:45:24","guid":{"rendered":"http:\/\/test.bartekyazilim.com\/?page_id=1163"},"modified":"2025-08-20T17:38:13","modified_gmt":"2025-08-20T14:38:13","slug":"tokat-doktorlari","status":"publish","type":"page","link":"https:\/\/turkpedkar.org.tr\/en\/tokat-doktorlari\/","title":{"rendered":"Doctors in Tokat"},"content":{"rendered":"<figure class=\"wp-block-table\"><table class=\"has-fixed-layout\"><tbody><tr><td><strong>FIRST NAME<\/strong><\/td><td><strong>LAST NAME<\/strong><\/td><td><strong>TITLE<\/strong><\/td><td><strong>SPECIALTY<\/strong><\/td><td><strong>WORK ADDRESS<\/strong><\/td><\/tr><tr><td>Meryem<\/td><td>\u0130NCE<\/td><td>Attending Physician<\/td><td>Pediatric Cardiologist<\/td><td>Tokat Devlet Hastanesi<\/td><\/tr><tr><td>Bilal<\/td><td>\u00d6ZELCE<\/td><td>Attending Physician<\/td><td>Pediatric Cardiologist<\/td><td>Tokat Devlet Hastanesi<\/td><\/tr><\/tbody><\/table><\/figure>","protected":false},"excerpt":{"rendered":"<p>ADI SOYADI UNVANI BRAN\u015eI \u0130\u015e ADRES\u0130 Meryem \u0130NCE Uzman Kard. Tokat Devlet Hastanesi Bilal \u00d6ZELCE Uzman Kard. Tokat Devlet Hastanesi<\/p>","protected":false},"author":1,"featured_media":0,"parent":0,"menu_order":0,"comment_status":"closed","ping_status":"closed","template":"","meta":{"footnotes":""},"class_list":["post-1163","page","type-page","status-publish"],"_links":{"self":[{"href":"https:\/\/turkpedkar.org.tr\/en\/wp-json\/wp\/v2\/pages\/1163","targetHints":{"allow":["GET"]}}],"collection":[{"href":"https:\/\/turkpedkar.org.tr\/en\/wp-json\/wp\/v2\/pages"}],"about":[{"href":"https:\/\/turkpedkar.org.tr\/en\/wp-json\/wp\/v2\/types\/page"}],"author":[{"embeddable":true,"href":"https:\/\/turkpedkar.org.tr\/en\/wp-json\/wp\/v2\/users\/1"}],"replies":[{"embeddable":true,"href":"https:\/\/turkpedkar.org.tr\/en\/wp-json\/wp\/v2\/comments?post=1163"}],"version-history":[{"count":2,"href":"https:\/\/turkpedkar.org.tr\/en\/wp-json\/wp\/v2\/pages\/1163\/revisions"}],"predecessor-version":[{"id":151049,"href":"https:\/\/turkpedkar.org.tr\/en\/wp-json\/wp\/v2\/pages\/1163\/revisions\/151049"}],"wp:attachment":[{"href":"https:\/\/turkpedkar.org.tr\/en\/wp-json\/wp\/v2\/media?parent=1163"}],"curies":[{"name":"wp","href":"https:\/\/api.w.org\/{rel}","templated":true}]}}