{"id":1160,"date":"2013-11-12T11:39:45","date_gmt":"2013-11-12T09:39:45","guid":{"rendered":"http:\/\/test.bartekyazilim.com\/?page_id=1160"},"modified":"2025-08-20T17:40:28","modified_gmt":"2025-08-20T14:40:28","slug":"trabzon-doktorlari","status":"publish","type":"page","link":"https:\/\/turkpedkar.org.tr\/en\/trabzon-doktorlari\/","title":{"rendered":"Doctors in Trabzon"},"content":{"rendered":"<figure class=\"wp-block-table\"><table class=\"has-fixed-layout\"><tbody><tr><td><strong>FIRST NAME<\/strong><\/td><td><strong>LAST NAME<\/strong><\/td><td><strong>TITLE<\/strong><\/td><td><strong>SPECIALTY<\/strong><\/td><td><strong>WORK ADDRESS<\/strong><\/td><\/tr><tr><td>Embiya<\/td><td>D\u0130LBER<\/td><td>Professor<\/td><td>Pediatric Cardiologist<\/td><td>Karadeniz Teknik \u00dcniversitesi T\u0131p Fak\u00fcltesi<\/td><\/tr><tr><td>Celal<\/td><td>G\u00dcR<\/td><td>Attending Physician<\/td><td>Pediatric Cardiologist<\/td><td>Trabzon Medikalpark<\/td><\/tr><tr><td>\u0130slam<\/td><td>KAKLIKKAYA<\/td><td>Professor<\/td><td>Heart Surgeon<\/td><td>Karadeniz Teknik \u00dcniversitesi T\u0131p Fak\u00fcltesi<\/td><\/tr><tr><td>Rukiye \u0130rem<\/td><td>YEKELER<\/td><td>Attending Physician<\/td><td>Pediatric Cardiologist<\/td><td>Trabzon Kanuni EAH<\/td><\/tr><\/tbody><\/table><\/figure>\n\n\n\n<p><\/p>","protected":false},"excerpt":{"rendered":"<p>ADI SOYADI UNVANI BRAN\u015eI \u0130\u015e ADRES\u0130 Embiya D\u0130LBER Profes\u00f6r Kard. Karadeniz Teknik \u00dcniversitesi T\u0131p Fak\u00fcltesi Celal G\u00dcR Uzman Kard. Trabzon Medikalpark \u0130slam KAKLIKKAYA Profes\u00f6r Cerrah Karadeniz Teknik \u00dcniversitesi T\u0131p Fak\u00fcltesi Rukiye \u0130rem YEKELER Uzman Kard. Trabzon Kanuni EAH<\/p>","protected":false},"author":1,"featured_media":0,"parent":0,"menu_order":0,"comment_status":"closed","ping_status":"closed","template":"","meta":{"footnotes":""},"class_list":["post-1160","page","type-page","status-publish"],"_links":{"self":[{"href":"https:\/\/turkpedkar.org.tr\/en\/wp-json\/wp\/v2\/pages\/1160","targetHints":{"allow":["GET"]}}],"collection":[{"href":"https:\/\/turkpedkar.org.tr\/en\/wp-json\/wp\/v2\/pages"}],"about":[{"href":"https:\/\/turkpedkar.org.tr\/en\/wp-json\/wp\/v2\/types\/page"}],"author":[{"embeddable":true,"href":"https:\/\/turkpedkar.org.tr\/en\/wp-json\/wp\/v2\/users\/1"}],"replies":[{"embeddable":true,"href":"https:\/\/turkpedkar.org.tr\/en\/wp-json\/wp\/v2\/comments?post=1160"}],"version-history":[{"count":2,"href":"https:\/\/turkpedkar.org.tr\/en\/wp-json\/wp\/v2\/pages\/1160\/revisions"}],"predecessor-version":[{"id":151051,"href":"https:\/\/turkpedkar.org.tr\/en\/wp-json\/wp\/v2\/pages\/1160\/revisions\/151051"}],"wp:attachment":[{"href":"https:\/\/turkpedkar.org.tr\/en\/wp-json\/wp\/v2\/media?parent=1160"}],"curies":[{"name":"wp","href":"https:\/\/api.w.org\/{rel}","templated":true}]}}