{"id":1158,"date":"2013-11-12T11:57:35","date_gmt":"2013-11-12T09:57:35","guid":{"rendered":"http:\/\/test.bartekyazilim.com\/?page_id=1158"},"modified":"2026-01-27T16:43:21","modified_gmt":"2026-01-27T13:43:21","slug":"ankara-doktorlari","status":"publish","type":"page","link":"https:\/\/turkpedkar.org.tr\/en\/ankara-doktorlari\/","title":{"rendered":"Doctors in Ankara"},"content":{"rendered":"<table width=\"763\">\n<tbody>\n<tr>\n<td width=\"134\"><strong>FIRST NAME<\/strong><\/td>\n<td width=\"154\"><strong>LAST NAME<\/strong><\/td>\n<td width=\"91\"><strong>TITLE<\/strong><\/td>\n<td width=\"66\"><strong>SPECIALTY<\/strong><\/td>\n<td width=\"99\"><strong>\u015eEH\u0130R<\/strong><\/td>\n<td width=\"219\"><strong>WORK ADDRESS<\/strong><\/td>\n<\/tr>\n<tr>\n<td>Ayd\u0131n<\/td>\n<td>ADIG\u00dcZEL<\/td>\n<td>Attending Physician<\/td>\n<td>Pediatric Cardiologist<\/td>\n<td>Ankara<\/td>\n<td>Ankara G\u00fclhane EAH<\/td>\n<\/tr>\n<tr>\n<td>Abdulkadir<\/td>\n<td>AKKU\u015e<\/td>\n<td>Attending Physician<\/td>\n<td>Pediatric Cardiologist<\/td>\n<td>Ankara<\/td>\n<td>Ba\u015fkent \u00dcniversitesi T\u0131p Fak\u00fcltesi Ankara Hastanesi<\/td>\n<\/tr>\n<tr>\n<td>\u00d6mer Nuri<\/td>\n<td>AKSOY<\/td>\n<td>Attending Physician<\/td>\n<td>Heart Surgeon<\/td>\n<td>Ankara<\/td>\n<td>Sami Ulus Kad\u0131n Do\u011fum, \u00c7ocuk Sa\u011fl\u0131\u011f\u0131 ve Hastal\u0131klar\u0131 EAH<\/td>\n<\/tr>\n<tr>\n<td>Dursun<\/td>\n<td>ALEHAN<\/td>\n<td>Professor<\/td>\n<td>Pediatric Cardiologist<\/td>\n<td>Ankara<\/td>\n<td>Hacettepe \u00dcniversitesi T\u0131p Fak\u00fcltesi<\/td>\n<\/tr>\n<tr>\n<td>Cemile Nursel<\/td>\n<td>ALPAN<\/td>\n<td>Attending Physician<\/td>\n<td>Pediatric Cardiologist<\/td>\n<td>Ankara<\/td>\n<td>Bay\u0131nd\u0131r Hastanesi<\/td>\n<\/tr>\n<tr>\n<td>\u015eafak<\/td>\n<td>ALPAT<\/td>\n<td>Assoc. Prof.<\/td>\n<td>Heart Surgeon<\/td>\n<td>Ankara<\/td>\n<td>Hacettepe \u00dcniversitesi T\u0131p Fakultesi<\/td>\n<\/tr>\n<tr>\n<td>Pelin<\/td>\n<td>ALTINBEZER<\/td>\n<td>Yan Dal Asistan\u0131<\/td>\n<td>Pediatric Cardiologist<\/td>\n<td>Ankara<\/td>\n<td>Ankara Etlik \u015eehir Hastanesi<\/td>\n<\/tr>\n<tr>\n<td>Nahide<\/td>\n<td>ALTU\u011e<\/td>\n<td>Professor<\/td>\n<td>Pediatric Cardiologist<\/td>\n<td>Ankara<\/td>\n<td>Ankara Bilkent \u015eehir Hastanesi<\/td>\n<\/tr>\n<tr>\n<td>Mehmet Emre<\/td>\n<td>ARI<\/td>\n<td>Assoc. Prof.<\/td>\n<td>Pediatric Cardiologist<\/td>\n<td>Ankara<\/td>\n<td>Etlik \u015eehir Hastanesi<\/td>\n<\/tr>\n<tr>\n<td>Burcu<\/td>\n<td>ARICI<\/td>\n<td>Attending Physician<\/td>\n<td>Heart Surgeon<\/td>\n<td>Ankara<\/td>\n<td>Sami Ulus Kad\u0131n Do\u011fum, \u00c7ocuk Sa\u011fl\u0131\u011f\u0131 ve Hastal\u0131klar\u0131 EAH<\/td>\n<\/tr>\n<tr>\n<td>Galip<\/td>\n<td>ARICI<\/td>\n<td>Yan Dal Asistan\u0131<\/td>\n<td>Pediatric Cardiologist<\/td>\n<td>Ankara<\/td>\n<td>Ankara Etlik \u015eehir Hastanesi<\/td>\n<\/tr>\n<tr>\n<td>Semra<\/td>\n<td>ATALAY<\/td>\n<td>Professor<\/td>\n<td>Pediatric Cardiologist<\/td>\n<td>Ankara<\/td>\n<td>Ankara \u00d6zel G\u00fcven Hastanesi<\/td>\n<\/tr>\n<tr>\n<td>Atakan<\/td>\n<td>ATALAY<\/td>\n<td>Professor<\/td>\n<td>Heart Surgeon<\/td>\n<td>Ankara<\/td>\n<td>Ankara Bilkent \u015eehir Hastanesi<\/td>\n<\/tr>\n<tr>\n<td>Fatih<\/td>\n<td>AT\u0130K<\/td>\n<td>Attending Physician<\/td>\n<td>Pediatric Cardiologist<\/td>\n<td>Ankara<\/td>\n<td>Ankara Bilkent \u015eehir Hastanesi<\/td>\n<\/tr>\n<tr>\n<td>Nuri Hakan<\/td>\n<td>AYDIN<\/td>\n<td>Assoc. Prof.<\/td>\n<td>Heart Surgeon<\/td>\n<td>Ankara<\/td>\n<td>Ankara Bilkent \u015eehir Hastanesi<\/td>\n<\/tr>\n<tr>\n<td>Alperen<\/td>\n<td>AYDIN<\/td>\n<td>Yan Dal Asistan\u0131<\/td>\n<td>Pediatric Cardiologist<\/td>\n<td>Ankara<\/td>\n<td>Ankara \u00dcniversitesi T\u0131p Fak\u00fcltesi<\/td>\n<\/tr>\n<tr>\n<td>Hayrettin Hakan<\/td>\n<td>AYKAN<\/td>\n<td>Assoc. Prof.<\/td>\n<td>Pediatric Cardiologist<\/td>\n<td>Ankara<\/td>\n<td>Hacettepe \u00dcniversitesi T\u0131p Fak\u00fcltesi<\/td>\n<\/tr>\n<tr>\n<td>Ebru<\/td>\n<td>AYPAR<\/td>\n<td>Professor<\/td>\n<td>Pediatric Cardiologist<\/td>\n<td>Ankara<\/td>\n<td>Hacettepe \u00dcniversitesi T\u0131p Fak\u00fcltesi<\/td>\n<\/tr>\n<tr>\n<td>Emine<\/td>\n<td>AZAK<\/td>\n<td>Assoc. Prof.<\/td>\n<td>Pediatric Cardiologist<\/td>\n<td>Ankara<\/td>\n<td>Ankara Bilkent \u015eehir Hastanesi<\/td>\n<\/tr>\n<tr>\n<td>Denizhan<\/td>\n<td>BA\u011eRUL<\/td>\n<td>Assoc. Prof.<\/td>\n<td>Pediatric Cardiologist<\/td>\n<td>Ankara<\/td>\n<td>Ankara Bilkent \u015eehir Hastanesi<\/td>\n<\/tr>\n<tr>\n<td>Meral<\/td>\n<td>BARI\u015e DOYDU<\/td>\n<td>Yan Dal Asistan\u0131<\/td>\n<td>Pediatric Cardiologist<\/td>\n<td>Ankara<\/td>\n<td>Ankara Bilkent \u015eehir Hastanesi<\/td>\n<\/tr>\n<tr>\n<td>Meryem<\/td>\n<td>BEYAZAL<\/td>\n<td>Attending Physician<\/td>\n<td>Pediatric Cardiologist<\/td>\n<td>Ankara<\/td>\n<td>Ankara Bilkent \u015eehir Hastanesi<\/td>\n<\/tr>\n<tr>\n<td>Bilgehan Bet\u00fcl<\/td>\n<td>B\u0130\u00c7ER<\/td>\n<td>Yan Dal Asistan\u0131<\/td>\n<td>Pediatric Cardiologist<\/td>\n<td>Ankara<\/td>\n<td>Hacettepe \u00dcniversitesi T\u0131p Fak\u00fcltesi<\/td>\n<\/tr>\n<tr>\n<td>Murat<\/td>\n<td>B\u0130N\u0130C\u0130<\/td>\n<td>Yan Dal Asistan\u0131<\/td>\n<td>Pediatric Cardiologist<\/td>\n<td>Ankara<\/td>\n<td>Ankara \u00dcniversitesi T\u0131p Fak\u00fcltesi<\/td>\n<\/tr>\n<tr>\n<td>Cemal Levent<\/td>\n<td>B\u0130R\u0130NC\u0130O\u011eLU<\/td>\n<td>Professor<\/td>\n<td>Heart Surgeon<\/td>\n<td>Ankara<\/td>\n<td>Ankara Bilkent \u015eehir Hastanesi<\/td>\n<\/tr>\n<tr>\n<td>Ali Din\u00e7<\/td>\n<td>BOZAT<\/td>\n<td>Yan Dal Asistan\u0131<\/td>\n<td>Pediatric Cardiologist<\/td>\n<td>Ankara<\/td>\n<td>Hacettepe \u00dcniversitesi T\u0131p Fak\u00fcltesi<\/td>\n<\/tr>\n<tr>\n<td>Aycan<\/td>\n<td>\u00c7ELEB\u0130<\/td>\n<td>Yan Dal Asistan\u0131<\/td>\n<td>Pediatric Cardiologist<\/td>\n<td>Ankara<\/td>\n<td>Hacettepe \u00dcniversitesi T\u0131p Fak\u00fcltesi<\/td>\n<\/tr>\n<tr>\n<td>\u0130brahim \u0130lker<\/td>\n<td>\u00c7ET\u0130N<\/td>\n<td>Professor<\/td>\n<td>Pediatric Cardiologist<\/td>\n<td>Ankara<\/td>\n<td>Ankara Bilkent \u015eehir Hastanesi<\/td>\n<\/tr>\n<tr>\n<td>Cansu<\/td>\n<td>\u00c7ET\u0130N \u015eENT\u00dcRK<\/td>\n<td>Yan Dal Asistan\u0131<\/td>\n<td>Pediatric Cardiologist<\/td>\n<td>Ankara<\/td>\n<td>Ankara Bilkent \u015eehir Hastanesi<\/td>\n<\/tr>\n<tr>\n<td>\u00d6mer<\/td>\n<td>\u00c7\u0130FT\u00c7\u0130<\/td>\n<td>Attending Physician<\/td>\n<td>Pediatric Cardiologist<\/td>\n<td>Ankara<\/td>\n<td>Medicalpark<\/td>\n<\/tr>\n<tr>\n<td>Hakan<\/td>\n<td>\u00c7OMAKLI<\/td>\n<td>Attending Physician<\/td>\n<td>Heart Surgeon<\/td>\n<td>Ankara<\/td>\n<td>Ankara Liv Hastanesi<\/td>\n<\/tr>\n<tr>\n<td>Nadide<\/td>\n<td>DEM\u0130R AMA\u00c7<\/td>\n<td>Attending Physician<\/td>\n<td>Heart Surgeon<\/td>\n<td>Ankara<\/td>\n<td>Ankara Bilkent \u015eehir Hastanesi<\/td>\n<\/tr>\n<tr>\n<td>Vehbi<\/td>\n<td>DO\u011eAN<\/td>\n<td>Assoc. Prof.<\/td>\n<td>Pediatric Cardiologist<\/td>\n<td>Ankara<\/td>\n<td>Dr.SamiUlus\u00c7ocukHastanesi<\/td>\n<\/tr>\n<tr>\n<td>\u00d6zge<\/td>\n<td>DO\u011eAN<\/td>\n<td>Yan Dal Asistan\u0131<\/td>\n<td>Pediatric Cardiologist<\/td>\n<td>Ankara<\/td>\n<td>Etlik \u015eehir Hastanesi<\/td>\n<\/tr>\n<tr>\n<td>Yasemin Nuran<\/td>\n<td>D\u00d6NMEZ<\/td>\n<td>Assoc. Prof.<\/td>\n<td>Pediatric Cardiologist<\/td>\n<td>Ankara<\/td>\n<td>Ankara Hastanesi<\/td>\n<\/tr>\n<tr>\n<td>\u0130brahim<\/td>\n<td>ECE<\/td>\n<td>Professor<\/td>\n<td>Pediatric Cardiologist<\/td>\n<td>Ankara<\/td>\n<td>Ankara Bilkent \u015eehir Hastanesi<\/td>\n<\/tr>\n<tr>\n<td>Ata Niyazi<\/td>\n<td>ECEV\u0130T<\/td>\n<td>Assoc. Prof.<\/td>\n<td>Heart Surgeon<\/td>\n<td>Ankara<\/td>\n<td>Ankara Bilkent \u015eehir Hastanesi<\/td>\n<\/tr>\n<tr>\n<td>Muhammed Ali<\/td>\n<td>EK\u015e\u0130<\/td>\n<td>Yan Dal Asistan\u0131<\/td>\n<td>Pediatric Cardiologist<\/td>\n<td>Ankara<\/td>\n<td>Ankara Bilkent \u015eehir Hastanesi<\/td>\n<\/tr>\n<tr>\n<td>Sancar<\/td>\n<td>EM\u0130NO\u011eLU<\/td>\n<td>Attending Physician<\/td>\n<td>Pediatric Cardiologist<\/td>\n<td>Ankara<\/td>\n<td>Medicana International Ankara<\/td>\n<\/tr>\n<tr>\n<td>\u0130lkay<\/td>\n<td>ERDO\u011eAN<\/td>\n<td>Professor<\/td>\n<td>Pediatric Cardiologist<\/td>\n<td>Ankara<\/td>\n<td>Ba\u015fkent \u00dcniversitesi T\u0131p Fak\u00fcltesi Ankara Hastanesi<\/td>\n<\/tr>\n<tr>\n<td>\u0130lker<\/td>\n<td>ERTU\u011eRUL<\/td>\n<td>Professor<\/td>\n<td>Pediatric Cardiologist<\/td>\n<td>Ankara<\/td>\n<td>Hacettepe \u00dcniversitesi T\u0131p Fak\u00fcltesi<\/td>\n<\/tr>\n<tr>\n<td>Zeynep<\/td>\n<td>EY\u0130LETEN<\/td>\n<td>Professor<\/td>\n<td>Heart Surgeon<\/td>\n<td>Ankara<\/td>\n<td>Ankara \u00dcniversitesi T\u0131p Fak\u00fcltesi<\/td>\n<\/tr>\n<tr>\n<td>Muzaffer K\u00fcr\u015fat<\/td>\n<td>F\u0130DANCI<\/td>\n<td>Assoc. Prof.<\/td>\n<td>Pediatric Cardiologist<\/td>\n<td>Ankara<\/td>\n<td>Koru Hastanesi<\/td>\n<\/tr>\n<tr>\n<td>\u0130brahim Hakan<\/td>\n<td>G\u00dcLL\u00dc<\/td>\n<td>Professor<\/td>\n<td>Er\u015f. Kard.<\/td>\n<td>Ankara<\/td>\n<td>Etlik \u015eehir Hastanesi<\/td>\n<\/tr>\n<tr>\n<td>Nazl\u0131han<\/td>\n<td>G\u00dcNAL<\/td>\n<td>Professor<\/td>\n<td>Pediatric Cardiologist<\/td>\n<td>Ankara<\/td>\n<td>Medicana International Ankara Hastanesi<\/td>\n<\/tr>\n<tr>\n<td>Fatih<\/td>\n<td>G\u00dcNAY<\/td>\n<td>Yan Dal Asistan\u0131<\/td>\n<td>Pediatric Cardiologist<\/td>\n<td>Ankara<\/td>\n<td>Ankara \u00dcniversitesi T\u0131p Fak\u00fcltesi<\/td>\n<\/tr>\n<tr>\n<td>Haz\u0131m Alper<\/td>\n<td>G\u00dcRSU<\/td>\n<td>Assoc. Prof.<\/td>\n<td>Pediatric Cardiologist<\/td>\n<td>Ankara<\/td>\n<td>Ankara Bilkent \u015eehir Hastanesi<\/td>\n<\/tr>\n<tr>\n<td>Murat<\/td>\n<td>G\u00dcVENER<\/td>\n<td>Professor<\/td>\n<td>Heart Surgeon<\/td>\n<td>Ankara<\/td>\n<td>Hacettepe \u00dcniversitesi T\u0131p Fak\u00fcltesi<\/td>\n<\/tr>\n<tr>\n<td>\u0130lkin<\/td>\n<td>HAJIYEV<\/td>\n<td>Yan Dal Asistan\u0131<\/td>\n<td>Pediatric Cardiologist<\/td>\n<td>Ankara<\/td>\n<td>Ba\u015fkent \u00dcniversitesi Ankara Hastanesi<\/td>\n<\/tr>\n<tr>\n<td>Ozan<\/td>\n<td>HAKVERD\u0130<\/td>\n<td>Yan Dal Asistan\u0131<\/td>\n<td>Pediatric Cardiologist<\/td>\n<td>Ankara<\/td>\n<td>Ankara Etlik \u015eehir Hastanesi<\/td>\n<\/tr>\n<tr>\n<td>Fatma<\/td>\n<td>\u0130NCEDERE<\/td>\n<td>Attending Physician<\/td>\n<td>Pediatric Cardiologist<\/td>\n<td>Ankara<\/td>\n<td>Ankara EAH<\/td>\n<\/tr>\n<tr>\n<td>Erkan<\/td>\n<td>\u0130R\u0130Z<\/td>\n<td>Professor<\/td>\n<td>Heart Surgeon<\/td>\n<td>Ankara<\/td>\n<td>Gazi \u00dcniversitesi T\u0131p Fak\u00fcltesi<\/td>\n<\/tr>\n<tr>\n<td>G\u00f6khan<\/td>\n<td>KALKAN<\/td>\n<td>Assoc. Prof.<\/td>\n<td>Ped. Yo\u011fun Bak\u0131m<\/td>\n<td>Ankara<\/td>\n<td>Gazi \u00dcniversitesi T\u0131p Fak\u00fcltesi<\/td>\n<\/tr>\n<tr>\n<td>Tevfik<\/td>\n<td>KARAG\u00d6Z<\/td>\n<td>Professor<\/td>\n<td>Pediatric Cardiologist<\/td>\n<td>Ankara<\/td>\n<td>Hacettepe \u00dcniversitesi T\u0131p Fak\u00fcltesi<\/td>\n<\/tr>\n<tr>\n<td>Gizem<\/td>\n<td>KARKIN TOZLU<\/td>\n<td>Yan Dal Asistan\u0131<\/td>\n<td>Pediatric Cardiologist<\/td>\n<td>Ankara<\/td>\n<td>Gazi \u00dcniversitesi T\u0131p Fak\u00fcltesi<\/td>\n<\/tr>\n<tr>\n<td>Akif<\/td>\n<td>KAVGACI<\/td>\n<td>Attending Physician<\/td>\n<td>Pediatric Cardiologist<\/td>\n<td>Ankara<\/td>\n<td>Ankara Etlik \u015eehir Hastanesi<\/td>\n<\/tr>\n<tr>\n<td>Ahmet Vedat<\/td>\n<td>KAVURT<\/td>\n<td>Assoc. Prof.<\/td>\n<td>Pediatric Cardiologist<\/td>\n<td>Ankara<\/td>\n<td>Ankara Bilkent \u015eehir Hastanesi<\/td>\n<\/tr>\n<tr>\n<td>\u00d6zkan<\/td>\n<td>KAYA<\/td>\n<td>Attending Physician<\/td>\n<td>Pediatric Cardiologist<\/td>\n<td>Ankara<\/td>\n<td>Etlik \u015eehir Hastanesi<\/td>\n<\/tr>\n<tr>\n<td>Serpil<\/td>\n<td>KAYA \u00c7ELEB\u0130<\/td>\n<td>Attending Physician<\/td>\n<td>Pediatric Cardiologist<\/td>\n<td>Ankara<\/td>\n<td>Ankara Atat\u00fcrk Sanatoryum E\u011fitim ve Ara\u015ft\u0131rma Hastanesi<\/td>\n<\/tr>\n<tr>\n<td>\u015eeyma<\/td>\n<td>KAYALI AKS\u0130N<\/td>\n<td>Professor<\/td>\n<td>Pediatric Cardiologist<\/td>\n<td>Ankara<\/td>\n<td>Ankara Atat\u00fcrk Sanatoryum E\u011fitim ve Ara\u015ft\u0131rma Hastanesi<\/td>\n<\/tr>\n<tr>\n<td>Ayhan<\/td>\n<td>KILI\u00c7<\/td>\n<td>Professor<\/td>\n<td>Pediatric Cardiologist<\/td>\n<td>Ankara<\/td>\n<td>G\u00fclhane EAH<\/td>\n<\/tr>\n<tr>\n<td>Ayben<\/td>\n<td>KILI\u00c7<\/td>\n<td>Attending Physician<\/td>\n<td>Pediatric Cardiologist<\/td>\n<td>Ankara<\/td>\n<td>Ankara Bilkent \u015eehir Hastanesi<\/td>\n<\/tr>\n<tr>\n<td>U\u011fursay<\/td>\n<td>KIZILTEPE<\/td>\n<td>Professor<\/td>\n<td>Heart Surgeon<\/td>\n<td>Ankara<\/td>\n<td>D\u0131\u015fkap\u0131 Y\u0131ld\u0131r\u0131m Beyaz\u0131t EAH<\/td>\n<\/tr>\n<tr>\n<td>Ay\u015fe Esin<\/td>\n<td>K\u0130BAR G\u00dcL<\/td>\n<td>Professor<\/td>\n<td>Pediatric Cardiologist<\/td>\n<td>Ankara<\/td>\n<td>Ankara Bilkent \u015eehir Hastanesi<\/td>\n<\/tr>\n<tr>\n<td>Serhat<\/td>\n<td>KOCA<\/td>\n<td>Professor<\/td>\n<td>Pediatric Cardiologist<\/td>\n<td>Ankara<\/td>\n<td>Ankara Bilkent \u015eehir Hastanesi<\/td>\n<\/tr>\n<tr>\n<td>Murat<\/td>\n<td>KO\u00c7<\/td>\n<td>Assoc. Prof.<\/td>\n<td>Heart Surgeon<\/td>\n<td>Ankara<\/td>\n<td>Sami Ulus Kad\u0131n Do\u011fum, \u00c7ocuk Sa\u011fl\u0131\u011f\u0131 ve Hastal\u0131klar\u0131 EAH<\/td>\n<\/tr>\n<tr>\n<td>M\u00fccahit<\/td>\n<td>KO\u00c7O\u011eLU<\/td>\n<td>Attending Physician<\/td>\n<td>Pediatric Cardiologist<\/td>\n<td>Ankara<\/td>\n<td>Ankara Bilkent \u015eehir Hastanesi<\/td>\n<\/tr>\n<tr>\n<td>Nilay<\/td>\n<td>KORGAL MUTLUSOY<\/td>\n<td>Yan Dal Asistan\u0131<\/td>\n<td>Pediatric Cardiologist<\/td>\n<td>Ankara<\/td>\n<td>Hacettepe \u00dcniversitesi T\u0131p Fak\u00fcltesi<\/td>\n<\/tr>\n<tr>\n<td>\u00d6zge<\/td>\n<td>KORKMAZ B\u0130REC\u0130KL\u0130G\u0130L<\/td>\n<td>Attending Physician<\/td>\n<td>Heart Surgeon<\/td>\n<td>Ankara<\/td>\n<td>Etlik \u015eehir Hastanesi<\/td>\n<\/tr>\n<tr>\n<td>Serdar<\/td>\n<td>KULA<\/td>\n<td>Professor<\/td>\n<td>Pediatric Cardiologist<\/td>\n<td>Ankara<\/td>\n<td>Gazi \u00dcniversitesi T\u0131p Fak\u00fcltesi<\/td>\n<\/tr>\n<tr>\n<td>Ali<\/td>\n<td>KUTSAL<\/td>\n<td>Professor<\/td>\n<td>Heart Surgeon<\/td>\n<td>Ankara<\/td>\n<td>Sami Ulus Kad\u0131n Do\u011fum, \u00c7ocuk Sa\u011fl\u0131\u011f\u0131 ve Hastal\u0131klar\u0131 EAH<\/td>\n<\/tr>\n<tr>\n<td>Mustafa Koray<\/td>\n<td>LENK<\/td>\n<td>Professor<\/td>\n<td>Pediatric Cardiologist<\/td>\n<td>Ankara<\/td>\n<td>Ac\u0131badem \u00dcniversitesi Ankara Hastanesi<\/td>\n<\/tr>\n<tr>\n<td>\u0130lker<\/td>\n<td>MERCAN<\/td>\n<td>Attending Physician<\/td>\n<td>Heart Surgeon<\/td>\n<td>Ankara<\/td>\n<td>Etlik \u015eehir Hastanesi<\/td>\n<\/tr>\n<tr>\n<td>Umut Berk<\/td>\n<td>MERCAN<\/td>\n<td>Yan Dal Asistan\u0131<\/td>\n<td>Pediatric Cardiologist<\/td>\n<td>Ankara<\/td>\n<td>Hacettepe \u00dcniversitesi T\u0131p Fak\u00fcltesi<\/td>\n<\/tr>\n<tr>\n<td>O\u011fuz<\/td>\n<td>MOLD\u0130B\u0130<\/td>\n<td>Asst. Prof.<\/td>\n<td>Heart Surgeon<\/td>\n<td>Ankara<\/td>\n<td>Ufuk \u00dcniversitesi T\u0131p Fak\u00fcltesi Kalp Damar Cerrahisi Klini\u011fi<\/td>\n<\/tr>\n<tr>\n<td>Deniz<\/td>\n<td>O\u011eUZ<\/td>\n<td>Professor<\/td>\n<td>Pediatric Cardiologist<\/td>\n<td>Ankara<\/td>\n<td>Gazi \u00dcniversitesi T\u0131p Fak\u00fcltesi<\/td>\n<\/tr>\n<tr>\n<td>G\u00fcrsel Levent<\/td>\n<td>OKTAR<\/td>\n<td>Professor<\/td>\n<td>Heart Surgeon<\/td>\n<td>Ankara<\/td>\n<td>Gazi \u00dcniversitesi T\u0131p Fak\u00fcltesi<\/td>\n<\/tr>\n<tr>\n<td>Vedat<\/td>\n<td>OKUTAN<\/td>\n<td>Professor<\/td>\n<td>Pediatric Cardiologist<\/td>\n<td>Ankara<\/td>\n<td>Serbest<\/td>\n<\/tr>\n<tr>\n<td>Utku Arman<\/td>\n<td>\u00d6R\u00dcN<\/td>\n<td>Professor<\/td>\n<td>Pediatric Cardiologist<\/td>\n<td>Ankara<\/td>\n<td>Etlik \u015eehir Hastanesi<\/td>\n<\/tr>\n<tr>\n<td>Arif<\/td>\n<td>\u00d6ZBAY<\/td>\n<td>Yan Dal Asistan\u0131<\/td>\n<td>Heart Surgeon<\/td>\n<td>Ankara<\/td>\n<td>Ankara Bilkent \u015eehir Hastanesi<\/td>\n<\/tr>\n<tr>\n<td>Osman<\/td>\n<td>\u00d6ZDEM\u0130R<\/td>\n<td>Assoc. Prof.<\/td>\n<td>Pediatric Cardiologist<\/td>\n<td>Ankara<\/td>\n<td>Serbest<\/td>\n<\/tr>\n<tr>\n<td>Yasemin<\/td>\n<td>\u00d6ZDEM\u0130R \u015eAHAN<\/td>\n<td>Attending Physician<\/td>\n<td>Pediatric Cardiologist<\/td>\n<td>Ankara<\/td>\n<td>Ankara Bilkent \u015eehir Hastanesi<\/td>\n<\/tr>\n<tr>\n<td>Mehmet Emin<\/td>\n<td>\u00d6ZDO\u011eAN<\/td>\n<td>Professor<\/td>\n<td>Heart Surgeon<\/td>\n<td>Ankara<\/td>\n<td>Gazi \u00dcniversitesi T\u0131p Fak\u00fcltesi<\/td>\n<\/tr>\n<tr>\n<td>Senem<\/td>\n<td>\u00d6ZG\u00dcR<\/td>\n<td>Professor<\/td>\n<td>Pediatric Cardiologist<\/td>\n<td>Ankara<\/td>\n<td>Sami Ulus Kad\u0131n Do\u011fum, \u00c7ocuk Sa\u011fl\u0131\u011f\u0131 ve Hastal\u0131klar\u0131 EAH<\/td>\n<\/tr>\n<tr>\n<td>Murat<\/td>\n<td>\u00d6ZKAN<\/td>\n<td>Professor<\/td>\n<td>Heart Surgeon<\/td>\n<td>Ankara<\/td>\n<td>Ba\u015fkent \u00dcniversitesi T\u0131p Fak\u00fcltesi Ankara Hastanesi<\/td>\n<\/tr>\n<tr>\n<td>H\u00fcseyin<\/td>\n<td>\u00d6ZL\u00dc<\/td>\n<td>Yan Dal Asistan\u0131<\/td>\n<td>Pediatric Cardiologist<\/td>\n<td>Ankara<\/td>\n<td>Etlik \u015eehir Hastanesi<\/td>\n<\/tr>\n<tr>\n<td>Musa<\/td>\n<td>\u00d6ZT\u00dcRK<\/td>\n<td>Yan Dal Asistan\u0131<\/td>\n<td>Pediatric Cardiologist<\/td>\n<td>Ankara<\/td>\n<td>Hacettepe \u00dcniversitesi T\u0131p Fak\u00fcltesi<\/td>\n<\/tr>\n<tr>\n<td>Feyza Ay\u015fenur<\/td>\n<td>PA\u00c7<\/td>\n<td>Professor<\/td>\n<td>Pediatric Cardiologist<\/td>\n<td>Ankara<\/td>\n<td>Ankara Bilkent \u015eehir Hastanesi<\/td>\n<\/tr>\n<tr>\n<td>Mustafa<\/td>\n<td>PA\u00c7<\/td>\n<td>Professor<\/td>\n<td>Heart Surgeon<\/td>\n<td>Ankara<\/td>\n<td>Memorial Ankara Hastanesi<\/td>\n<\/tr>\n<tr>\n<td>Utku<\/td>\n<td>PAMUK<\/td>\n<td>Attending Physician<\/td>\n<td>Pediatric Cardiologist<\/td>\n<td>Ankara<\/td>\n<td>Ankara Bilkent \u015eehir Hastanesi<\/td>\n<\/tr>\n<tr>\n<td>Mehmet G\u00f6khan<\/td>\n<td>RAMO\u011eLU<\/td>\n<td>Assoc. Prof.<\/td>\n<td>Pediatric Cardiologist<\/td>\n<td>Ankara<\/td>\n<td>Ankara \u00dcniversitesi T\u0131p Fak\u00fcltesi<\/td>\n<\/tr>\n<tr>\n<td>Timu\u00e7in<\/td>\n<td>SABUNCU<\/td>\n<td>\u00d6\u011fr.G\u00f6revlisi<\/td>\n<td>Heart Surgeon<\/td>\n<td>Ankara<\/td>\n<td>Hacettepe \u00dcniversitesi T\u0131p Fak\u00fcltesi<\/td>\n<\/tr>\n<tr>\n<td>Mehmet Cahit<\/td>\n<td>SARICAO\u011eLU<\/td>\n<td>Yan Dal Asistan\u0131<\/td>\n<td>Heart Surgeon<\/td>\n<td>Ankara<\/td>\n<td>Ankara \u00dcniversitesi T\u0131p Fak\u00fcltesi<\/td>\n<\/tr>\n<tr>\n<td>\u0130lker Ufuk<\/td>\n<td>SAYICI<\/td>\n<td>Attending Physician<\/td>\n<td>Pediatric Cardiologist<\/td>\n<td>Ankara<\/td>\n<td>Ankara Etlik \u015eehir Hastanesi<\/td>\n<\/tr>\n<tr>\n<td>Se\u00e7il<\/td>\n<td>SAYIN<\/td>\n<td>Attending Physician<\/td>\n<td>Pediatric Cardiologist<\/td>\n<td>Ankara<\/td>\n<td>Ankara Bilkent \u015eehir Hastanesi<\/td>\n<\/tr>\n<tr>\n<td>Kutay<\/td>\n<td>SEL<\/td>\n<td>Attending Physician<\/td>\n<td>Pediatric Cardiologist<\/td>\n<td>Ankara<\/td>\n<td>Sami Ulus Kad\u0131n Do\u011fum, \u00c7ocuk Sa\u011fl\u0131\u011f\u0131 ve Hastal\u0131klar\u0131 EAH<\/td>\n<\/tr>\n<tr>\n<td>Sinem Nur<\/td>\n<td>SEL\u00c7UK<\/td>\n<td>Assoc. Prof.<\/td>\n<td>Pediatric Cardiologist<\/td>\n<td>Ankara<\/td>\n<td>Ankara Etlik \u015eehir Hastanesi<\/td>\n<\/tr>\n<tr>\n<td>Fatih Tanzer<\/td>\n<td>SERTER<\/td>\n<td>Attending Physician<\/td>\n<td>Heart Surgeon<\/td>\n<td>Ankara<\/td>\n<td>Memorial Ankara Hastanesi<\/td>\n<\/tr>\n<tr>\n<td>Atilla<\/td>\n<td>SEZG\u0130N<\/td>\n<td>Professor<\/td>\n<td>Heart Surgeon<\/td>\n<td>Ankara<\/td>\n<td>Ba\u015fkent \u00dcniversitesi T\u0131p Fak\u00fcltesi Ankara Hastanesi<\/td>\n<\/tr>\n<tr>\n<td>Ba\u015fak<\/td>\n<td>SORAN T\u00dcRKCAN<\/td>\n<td>Assoc. Prof.<\/td>\n<td>Heart Surgeon<\/td>\n<td>Ankara<\/td>\n<td>Ankara Bilkent \u015eehir Hastanesi<\/td>\n<\/tr>\n<tr>\n<td>Ahmet Burak<\/td>\n<td>\u015e\u0130M\u015eEK<\/td>\n<td>Yan Dal Asistan\u0131<\/td>\n<td>Pediatric Cardiologist<\/td>\n<td>Ankara<\/td>\n<td>Ankara Bilkent \u015eehir Hastanesi<\/td>\n<\/tr>\n<tr>\n<td>Sercan<\/td>\n<td>TAK<\/td>\n<td>Attending Physician<\/td>\n<td>Heart Surgeon<\/td>\n<td>Ankara<\/td>\n<td>Sami Ulus Kad\u0131n Do\u011fum, \u00c7ocuk Sa\u011fl\u0131\u011f\u0131 ve Hastal\u0131klar\u0131 EAH<\/td>\n<\/tr>\n<tr>\n<td>Mehmet<\/td>\n<td>TA\u015eAR<\/td>\n<td>Professor<\/td>\n<td>Heart Surgeon<\/td>\n<td>Ankara<\/td>\n<td>Sami Ulus Kad\u0131n Do\u011fum, \u00c7ocuk Sa\u011fl\u0131\u011f\u0131 ve Hastal\u0131klar\u0131 EAH<\/td>\n<\/tr>\n<tr>\n<td>\u0130rfan<\/td>\n<td>TA\u015eO\u011eLU<\/td>\n<td>Professor<\/td>\n<td>Heart Surgeon<\/td>\n<td>Ankara<\/td>\n<td>Ankara Bilkent \u015eehir Hastanesi<\/td>\n<\/tr>\n<tr>\n<td>Semiha<\/td>\n<td>TERLEMEZ TOKG\u00d6Z<\/td>\n<td>Professor<\/td>\n<td>Pediatric Cardiologist<\/td>\n<td>Ankara<\/td>\n<td>Gazi \u00dcniversitesi T\u0131p Fak\u00fcltesi<\/td>\n<\/tr>\n<tr>\n<td>Niyazi K\u00fcr\u015fad<\/td>\n<td>TOKEL<\/td>\n<td>Professor<\/td>\n<td>Pediatric Cardiologist<\/td>\n<td>Ankara<\/td>\n<td>Ba\u015fkent \u00dcniversitesi T\u0131p Fak\u00fcltesi Ankara Hastanesi<\/td>\n<\/tr>\n<tr>\n<td>Fatma Sedef<\/td>\n<td>TUNAO\u011eLU<\/td>\n<td>Professor<\/td>\n<td>Pediatric Cardiologist<\/td>\n<td>Ankara<\/td>\n<td>Girne \u00dcniversitesi T\u0131p Fak\u00fcltesi<\/td>\n<\/tr>\n<tr>\n<td>Lazgin<\/td>\n<td>TUNCAR<\/td>\n<td>Yan Dal Asistan\u0131<\/td>\n<td>Pediatric Cardiologist<\/td>\n<td>Ankara<\/td>\n<td>Gazi \u00dcniversitesi T\u0131p Fak\u00fcltesi<\/td>\n<\/tr>\n<tr>\n<td>Hasan Ercan<\/td>\n<td>TUTAR<\/td>\n<td>Professor<\/td>\n<td>Pediatric Cardiologist<\/td>\n<td>Ankara<\/td>\n<td>Serbest<\/td>\n<\/tr>\n<tr>\n<td>Sadi<\/td>\n<td>T\u00dcRKAY<\/td>\n<td>Professor<\/td>\n<td>Pediatric Cardiologist<\/td>\n<td>Ankara<\/td>\n<td>\u00d6zel HRS Hastanesi<\/td>\n<\/tr>\n<tr>\n<td>Tayfun<\/td>\n<td>U\u00c7AR<\/td>\n<td>Professor<\/td>\n<td>Pediatric Cardiologist<\/td>\n<td>Ankara<\/td>\n<td>Ankara \u00dcniversitesi T\u0131p Fak\u00fcltesi<\/td>\n<\/tr>\n<tr>\n<td>Sevi<\/td>\n<td>UMARO\u011eLU \u00d6ZT\u00dcRK<\/td>\n<td>Attending Physician<\/td>\n<td>Heart Surgeon<\/td>\n<td>Ankara<\/td>\n<td>Ba\u015fkent \u00dcniversitesi T\u0131p Fak\u00fcltesi Ankara Hastanesi<\/td>\n<\/tr>\n<tr>\n<td>Mira\u00e7<\/td>\n<td>\u00dcNL\u00dc<\/td>\n<td>Yan Dal Asistan\u0131<\/td>\n<td>Pediatric Cardiologist<\/td>\n<td>Ankara<\/td>\n<td>Etlik \u015eehir Hastanesi<\/td>\n<\/tr>\n<tr>\n<td>Turgut<\/td>\n<td>\u00dcREY<\/td>\n<td>Attending Physician<\/td>\n<td>Pediatric Cardiologist<\/td>\n<td>Ankara<\/td>\n<td>Sincan EAH<\/td>\n<\/tr>\n<tr>\n<td>Birg\u00fcl<\/td>\n<td>VARAN<\/td>\n<td>Professor<\/td>\n<td>Pediatric Cardiologist<\/td>\n<td>Ankara<\/td>\n<td>Ba\u015fkent \u00dcniversitesi T\u0131p Fak\u00fcltesi Ankara Hastanesi<\/td>\n<\/tr>\n<tr>\n<td>Sayg\u0131n<\/td>\n<td>YILDIRIM<\/td>\n<td>Yan Dal Asistan\u0131<\/td>\n<td>Pediatric Cardiologist<\/td>\n<td>Ankara<\/td>\n<td>Ankara Etlik \u015eehir Hastanesi<\/td>\n<\/tr>\n<tr>\n<td>Asiye<\/td>\n<td>YILDIZ<\/td>\n<td>Yan Dal Asistan\u0131<\/td>\n<td>Pediatric Cardiologist<\/td>\n<td>Ankara<\/td>\n<td>Ankara Bilkent \u015eehir Hastanesi<\/td>\n<\/tr>\n<tr>\n<td>Mustafa<\/td>\n<td>YILMAZ<\/td>\n<td>Professor<\/td>\n<td>Heart Surgeon<\/td>\n<td>Ankara<\/td>\n<td>Hacettepe \u00dcniversitesi T\u0131p Fak\u00fcltesi<\/td>\n<\/tr>\n<tr>\n<td>Osman<\/td>\n<td>YILMAZ<\/td>\n<td>Professor<\/td>\n<td>Pediatric Cardiologist<\/td>\n<td>Ankara<\/td>\n<td>Etlik Z\u00fcbeyde Han\u0131m Kad\u0131n Hastal\u0131klar\u0131 EAH<\/td>\n<\/tr>\n<tr>\n<td>Mustafa<\/td>\n<td>YILMAZ<\/td>\n<td>Attending Physician<\/td>\n<td>Heart Surgeon<\/td>\n<td>Ankara<\/td>\n<td>Ankara Bilkent \u015eehir Hastanesi<\/td>\n<\/tr>\n<tr>\n<td>Mehmet Mustafa<\/td>\n<td>YILMAZ<\/td>\n<td>Yan Dal Asistan\u0131<\/td>\n<td>Pediatric Cardiologist<\/td>\n<td>Ankara<\/td>\n<td>Ankara \u00dcniversitesi T\u0131p Fak\u00fcltesi<\/td>\n<\/tr>\n<tr>\n<td>Togay<\/td>\n<td>YILMAZ<\/td>\n<td>Yan Dal Asistan\u0131<\/td>\n<td>Pediatric Cardiologist<\/td>\n<td>Ankara<\/td>\n<td>Ankara Bilkent \u015eehir Hastanesi<\/td>\n<\/tr>\n<tr>\n<td>Tamer<\/td>\n<td>YOLDA\u015e<\/td>\n<td>Assoc. Prof.<\/td>\n<td>Pediatric Cardiologist<\/td>\n<td>Ankara<\/td>\n<td>Sami Ulus Kad\u0131n Do\u011fum, \u00c7ocuk Sa\u011fl\u0131\u011f\u0131 ve Hastal\u0131klar\u0131 EAH<\/td>\n<\/tr>\n<tr>\n<td>G\u00f6zde Nur<\/td>\n<td>YURTTA\u015e KANAR<\/td>\n<td>Yan Dal Asistan\u0131<\/td>\n<td>Pediatric Cardiologist<\/td>\n<td>Ankara<\/td>\n<td>Ankara Bilkent \u015eehir Hastanesi<\/td>\n<\/tr>\n<tr>\n<td>Nur<\/td>\n<td>D\u0130KMEN<\/td>\n<td>Assoc. Prof.<\/td>\n<td>Heart Surgeon<\/td>\n<td>Ankara<\/td>\n<td>Ankara \u00dcniversitesi T\u0131p Fak\u00fcltesi<\/td>\n<\/tr>\n<\/tbody>\n<\/table>\n\n\n<p><\/p>","protected":false},"excerpt":{"rendered":"<p>ADI SOYADI UNVANI BRAN\u015eI \u015eEH\u0130R \u0130\u015e ADRES\u0130 Ayd\u0131n ADIG\u00dcZEL Uzman Kard. Ankara Ankara G\u00fclhane EAH Abdulkadir AKKU\u015e Uzman Kard. Ankara Ba\u015fkent \u00dcniversitesi T\u0131p Fak\u00fcltesi Ankara Hastanesi \u00d6mer Nuri AKSOY Uzman Cerrah Ankara Sami Ulus Kad\u0131n Do\u011fum, \u00c7ocuk Sa\u011fl\u0131\u011f\u0131 ve Hastal\u0131klar\u0131 EAH Dursun ALEHAN Profes\u00f6r Kard. Ankara Hacettepe \u00dcniversitesi T\u0131p Fak\u00fcltesi Cemile Nursel ALPAN Uzman Kard. &#8230; <a title=\"Doctors in Ankara\" class=\"read-more\" href=\"https:\/\/turkpedkar.org.tr\/en\/ankara-doktorlari\/\" aria-label=\"Read more about Ankara Doktorlar\u0131\">Read more<\/a><\/p>","protected":false},"author":1,"featured_media":0,"parent":0,"menu_order":0,"comment_status":"closed","ping_status":"closed","template":"","meta":{"footnotes":""},"class_list":["post-1158","page","type-page","status-publish"],"_links":{"self":[{"href":"https:\/\/turkpedkar.org.tr\/en\/wp-json\/wp\/v2\/pages\/1158","targetHints":{"allow":["GET"]}}],"collection":[{"href":"https:\/\/turkpedkar.org.tr\/en\/wp-json\/wp\/v2\/pages"}],"about":[{"href":"https:\/\/turkpedkar.org.tr\/en\/wp-json\/wp\/v2\/types\/page"}],"author":[{"embeddable":true,"href":"https:\/\/turkpedkar.org.tr\/en\/wp-json\/wp\/v2\/users\/1"}],"replies":[{"embeddable":true,"href":"https:\/\/turkpedkar.org.tr\/en\/wp-json\/wp\/v2\/comments?post=1158"}],"version-history":[{"count":6,"href":"https:\/\/turkpedkar.org.tr\/en\/wp-json\/wp\/v2\/pages\/1158\/revisions"}],"predecessor-version":[{"id":152906,"href":"https:\/\/turkpedkar.org.tr\/en\/wp-json\/wp\/v2\/pages\/1158\/revisions\/152906"}],"wp:attachment":[{"href":"https:\/\/turkpedkar.org.tr\/en\/wp-json\/wp\/v2\/media?parent=1158"}],"curies":[{"name":"wp","href":"https:\/\/api.w.org\/{rel}","templated":true}]}}