{"id":1156,"date":"2013-11-12T11:32:06","date_gmt":"2013-11-12T09:32:06","guid":{"rendered":"http:\/\/test.bartekyazilim.com\/?page_id=1156"},"modified":"2025-07-31T16:23:20","modified_gmt":"2025-07-31T13:23:20","slug":"aksaray-doktorlari","status":"publish","type":"page","link":"https:\/\/turkpedkar.org.tr\/en\/aksaray-doktorlari\/","title":{"rendered":"Doctors in Aksaray"},"content":{"rendered":"<figure class=\"wp-block-table\"><table class=\"has-fixed-layout\"><tbody><tr><td><strong>FIRST NAME<\/strong><\/td><td><strong>LAST NAME<\/strong><\/td><td><strong>TITLE<\/strong><\/td><td><strong>SPECIALTY<\/strong><\/td><td><strong>WORK ADDRESS<\/strong><\/td><\/tr><tr><td>Abdussemet<\/td><td>HAZAR<\/td><td>Professor<\/td><td>Heart Surgeon<\/td><td>Aksaray Aksaray \u00dcniversitesi T\u0131p Fak\u00fcltesi<\/td><\/tr><tr><td>Yunus Emre <\/td><td>KUM<\/td><td>Uzman Kard. <\/td><td>Pediatric Cardiologist<\/td><td>Aksaray EAH<\/td><\/tr><\/tbody><\/table><\/figure>","protected":false},"excerpt":{"rendered":"<p>ADI SOYADI UNVANI BRAN\u015eI \u0130\u015e ADRES\u0130 Abdussemet HAZAR Profes\u00f6r Cerrah Aksaray Aksaray \u00dcniversitesi T\u0131p Fak\u00fcltesi Yunus Emre KUM Uzman Kard. Kard. Aksaray EAH<\/p>","protected":false},"author":1,"featured_media":0,"parent":0,"menu_order":0,"comment_status":"closed","ping_status":"closed","template":"","meta":{"footnotes":""},"class_list":["post-1156","page","type-page","status-publish"],"_links":{"self":[{"href":"https:\/\/turkpedkar.org.tr\/en\/wp-json\/wp\/v2\/pages\/1156","targetHints":{"allow":["GET"]}}],"collection":[{"href":"https:\/\/turkpedkar.org.tr\/en\/wp-json\/wp\/v2\/pages"}],"about":[{"href":"https:\/\/turkpedkar.org.tr\/en\/wp-json\/wp\/v2\/types\/page"}],"author":[{"embeddable":true,"href":"https:\/\/turkpedkar.org.tr\/en\/wp-json\/wp\/v2\/users\/1"}],"replies":[{"embeddable":true,"href":"https:\/\/turkpedkar.org.tr\/en\/wp-json\/wp\/v2\/comments?post=1156"}],"version-history":[{"count":1,"href":"https:\/\/turkpedkar.org.tr\/en\/wp-json\/wp\/v2\/pages\/1156\/revisions"}],"predecessor-version":[{"id":150388,"href":"https:\/\/turkpedkar.org.tr\/en\/wp-json\/wp\/v2\/pages\/1156\/revisions\/150388"}],"wp:attachment":[{"href":"https:\/\/turkpedkar.org.tr\/en\/wp-json\/wp\/v2\/media?parent=1156"}],"curies":[{"name":"wp","href":"https:\/\/api.w.org\/{rel}","templated":true}]}}