{"id":1153,"date":"2013-11-12T11:30:06","date_gmt":"2013-11-12T09:30:06","guid":{"rendered":"http:\/\/test.bartekyazilim.com\/?page_id=1153"},"modified":"2025-07-31T16:23:20","modified_gmt":"2025-07-31T13:23:20","slug":"afyonkarahisar-doktorlari","status":"publish","type":"page","link":"https:\/\/turkpedkar.org.tr\/en\/afyonkarahisar-doktorlari\/","title":{"rendered":"Doctors in Afyon"},"content":{"rendered":"<table style=\"height: 126px;\" width=\"701\">\n<tbody>\n<tr>\n<td width=\"127\"><strong>FIRST NAME<\/strong><\/td>\n<td width=\"154\"><strong>LAST NAME<\/strong><\/td>\n<td width=\"66\"><strong>TITLE<\/strong><\/td>\n<td width=\"65\"><strong>SPECIALTY<\/strong><\/td>\n<td width=\"124\"><strong>WORK ADDRESS<\/strong><\/td>\n<\/tr>\n<tr>\n<td>Ayhan<\/td>\n<td>PEKTA\u015e<\/td>\n<td>Professor<\/td>\n<td>Pediatric Cardiologist<\/td>\n<td colspan=\"2\">Afyonkarahisar Sa\u011fl\u0131k Bilimleri \u00dcniversitesi T\u0131p Fak\u00fcltesi<\/td>\n<\/tr>\n<\/tbody>\n<\/table>","protected":false},"excerpt":{"rendered":"<p>ADI SOYADI UNVANI BRAN\u015eI \u0130\u015e ADRES\u0130 Ayhan PEKTA\u015e Profes\u00f6r Kard. Afyonkarahisar Sa\u011fl\u0131k Bilimleri \u00dcniversitesi T\u0131p Fak\u00fcltesi<\/p>","protected":false},"author":1,"featured_media":0,"parent":0,"menu_order":0,"comment_status":"closed","ping_status":"closed","template":"","meta":{"footnotes":""},"class_list":["post-1153","page","type-page","status-publish"],"_links":{"self":[{"href":"https:\/\/turkpedkar.org.tr\/en\/wp-json\/wp\/v2\/pages\/1153","targetHints":{"allow":["GET"]}}],"collection":[{"href":"https:\/\/turkpedkar.org.tr\/en\/wp-json\/wp\/v2\/pages"}],"about":[{"href":"https:\/\/turkpedkar.org.tr\/en\/wp-json\/wp\/v2\/types\/page"}],"author":[{"embeddable":true,"href":"https:\/\/turkpedkar.org.tr\/en\/wp-json\/wp\/v2\/users\/1"}],"replies":[{"embeddable":true,"href":"https:\/\/turkpedkar.org.tr\/en\/wp-json\/wp\/v2\/comments?post=1153"}],"version-history":[{"count":1,"href":"https:\/\/turkpedkar.org.tr\/en\/wp-json\/wp\/v2\/pages\/1153\/revisions"}],"predecessor-version":[{"id":150384,"href":"https:\/\/turkpedkar.org.tr\/en\/wp-json\/wp\/v2\/pages\/1153\/revisions\/150384"}],"wp:attachment":[{"href":"https:\/\/turkpedkar.org.tr\/en\/wp-json\/wp\/v2\/media?parent=1153"}],"curies":[{"name":"wp","href":"https:\/\/api.w.org\/{rel}","templated":true}]}}