{"id":1149,"date":"2013-11-12T11:34:32","date_gmt":"2013-11-12T09:34:32","guid":{"rendered":"http:\/\/test.bartekyazilim.com\/?page_id=1149"},"modified":"2025-11-19T21:58:03","modified_gmt":"2025-11-19T18:58:03","slug":"van-doktorlari","status":"publish","type":"page","link":"https:\/\/turkpedkar.org.tr\/en\/van-doktorlari\/","title":{"rendered":"Doctors in Van"},"content":{"rendered":"<figure class=\"wp-block-table\"><table class=\"has-fixed-layout\"><tbody><tr><td><strong>FIRST NAME<\/strong><\/td><td><strong>LAST NAME<\/strong><\/td><td><strong>TITLE<\/strong><\/td><td><strong>SPECIALTY<\/strong><\/td><td><strong>WORK ADDRESS<\/strong><\/td><\/tr><tr><td>Mehmet<\/td><td>A\u015eAM<\/td><td>Attending Physician<\/td><td>Heart Surgeon<\/td><td>Van EAH<\/td><\/tr><tr><td>Mehmet Turan<\/td><td>BASUNLU<\/td><td>Attending Physician<\/td><td>Pediatric Cardiologist<\/td><td>Van EAH<\/td><\/tr><tr><td>Mecnun<\/td><td>\u00c7ET\u0130N<\/td><td>Asst. Prof.<\/td><td>Pediatric Cardiologist<\/td><td>Y\u00fcz\u00fcnc\u00fcy\u0131l \u00dcniversitesi T\u0131p Fak\u00fcltesi<\/td><\/tr><tr><td>Dilek<\/td><td>G\u0130RAY<\/td><td>Assoc. Prof.<\/td><td>Pediatric Cardiologist<\/td><td>Van EAH<\/td><\/tr><tr><td>U\u011fur<\/td><td>KARAG\u00d6Z<\/td><td>Attending Physician<\/td><td>Heart Surgeon<\/td><td>Van EAH<\/td><\/tr><tr><td>G\u00fclcan<\/td><td>\u00dcNER<\/td><td>Attending Physician<\/td><td>Pediatric Cardiologist<\/td><td>Van EAH<\/td><\/tr><\/tbody><\/table><\/figure>\n\n\n\n<p><\/p>","protected":false},"excerpt":{"rendered":"<p>ADI SOYADI UNVANI BRAN\u015eI \u0130\u015e ADRES\u0130 Mehmet A\u015eAM Uzman Cerrah Van EAH Mehmet Turan BASUNLU Uzman Kard. Van EAH Mecnun \u00c7ET\u0130N Dr.\u00d6\u011fretim \u00dcyesi Kard. Y\u00fcz\u00fcnc\u00fcy\u0131l \u00dcniversitesi T\u0131p Fak\u00fcltesi Dilek G\u0130RAY Do\u00e7ent Kard. Van EAH U\u011fur KARAG\u00d6Z Uzman Cerrah Van EAH G\u00fclcan \u00dcNER Uzman Kard. Van EAH<\/p>","protected":false},"author":1,"featured_media":0,"parent":0,"menu_order":0,"comment_status":"closed","ping_status":"closed","template":"","meta":{"footnotes":""},"class_list":["post-1149","page","type-page","status-publish"],"_links":{"self":[{"href":"https:\/\/turkpedkar.org.tr\/en\/wp-json\/wp\/v2\/pages\/1149","targetHints":{"allow":["GET"]}}],"collection":[{"href":"https:\/\/turkpedkar.org.tr\/en\/wp-json\/wp\/v2\/pages"}],"about":[{"href":"https:\/\/turkpedkar.org.tr\/en\/wp-json\/wp\/v2\/types\/page"}],"author":[{"embeddable":true,"href":"https:\/\/turkpedkar.org.tr\/en\/wp-json\/wp\/v2\/users\/1"}],"replies":[{"embeddable":true,"href":"https:\/\/turkpedkar.org.tr\/en\/wp-json\/wp\/v2\/comments?post=1149"}],"version-history":[{"count":3,"href":"https:\/\/turkpedkar.org.tr\/en\/wp-json\/wp\/v2\/pages\/1149\/revisions"}],"predecessor-version":[{"id":152215,"href":"https:\/\/turkpedkar.org.tr\/en\/wp-json\/wp\/v2\/pages\/1149\/revisions\/152215"}],"wp:attachment":[{"href":"https:\/\/turkpedkar.org.tr\/en\/wp-json\/wp\/v2\/media?parent=1149"}],"curies":[{"name":"wp","href":"https:\/\/api.w.org\/{rel}","templated":true}]}}