{"id":1147,"date":"2013-11-12T11:20:50","date_gmt":"2013-11-12T09:20:50","guid":{"rendered":"http:\/\/test.bartekyazilim.com\/?page_id=1147"},"modified":"2025-08-20T17:51:59","modified_gmt":"2025-08-20T14:51:59","slug":"yozgat-doktorlari","status":"publish","type":"page","link":"https:\/\/turkpedkar.org.tr\/en\/yozgat-doktorlari\/","title":{"rendered":"Doctors in Yozgat"},"content":{"rendered":"<figure class=\"wp-block-table\"><table class=\"has-fixed-layout\"><tbody><tr><td><strong>FIRST NAME<\/strong><\/td><td><strong>LAST NAME<\/strong><\/td><td><strong>TITLE<\/strong><\/td><td><strong>SPECIALTY<\/strong><\/td><td><strong>WORK ADDRESS<\/strong><\/td><\/tr><tr><td>Meral<\/td><td>DEM\u0130R DURMU\u015e<\/td><td>Attending Physician<\/td><td>Pediatric Cardiologist<\/td><td>Yozgat \u015eehir Hastanesi<\/td><\/tr><\/tbody><\/table><\/figure>","protected":false},"excerpt":{"rendered":"<p>ADI SOYADI UNVANI BRAN\u015eI \u0130\u015e ADRES\u0130 Meral DEM\u0130R DURMU\u015e Uzman Kard. Yozgat \u015eehir Hastanesi<\/p>","protected":false},"author":1,"featured_media":0,"parent":0,"menu_order":0,"comment_status":"closed","ping_status":"closed","template":"","meta":{"footnotes":""},"class_list":["post-1147","page","type-page","status-publish"],"_links":{"self":[{"href":"https:\/\/turkpedkar.org.tr\/en\/wp-json\/wp\/v2\/pages\/1147","targetHints":{"allow":["GET"]}}],"collection":[{"href":"https:\/\/turkpedkar.org.tr\/en\/wp-json\/wp\/v2\/pages"}],"about":[{"href":"https:\/\/turkpedkar.org.tr\/en\/wp-json\/wp\/v2\/types\/page"}],"author":[{"embeddable":true,"href":"https:\/\/turkpedkar.org.tr\/en\/wp-json\/wp\/v2\/users\/1"}],"replies":[{"embeddable":true,"href":"https:\/\/turkpedkar.org.tr\/en\/wp-json\/wp\/v2\/comments?post=1147"}],"version-history":[{"count":2,"href":"https:\/\/turkpedkar.org.tr\/en\/wp-json\/wp\/v2\/pages\/1147\/revisions"}],"predecessor-version":[{"id":151057,"href":"https:\/\/turkpedkar.org.tr\/en\/wp-json\/wp\/v2\/pages\/1147\/revisions\/151057"}],"wp:attachment":[{"href":"https:\/\/turkpedkar.org.tr\/en\/wp-json\/wp\/v2\/media?parent=1147"}],"curies":[{"name":"wp","href":"https:\/\/api.w.org\/{rel}","templated":true}]}}