{"id":1144,"date":"2013-11-12T11:22:17","date_gmt":"2013-11-12T09:22:17","guid":{"rendered":"http:\/\/test.bartekyazilim.com\/?page_id=1144"},"modified":"2025-07-31T16:23:20","modified_gmt":"2025-07-31T13:23:20","slug":"adana-doktorlar","status":"publish","type":"page","link":"https:\/\/turkpedkar.org.tr\/en\/adana-doktorlar\/","title":{"rendered":"Doctors in Adana"},"content":{"rendered":"<table width=\"763\">\n<tbody>\n<tr>\n<td width=\"134\"><strong>FIRST NAME<\/strong><\/td>\n<td width=\"154\"><strong>LAST NAME<\/strong><\/td>\n<td width=\"91\"><strong>TITLE<\/strong><\/td>\n<td width=\"66\"><strong>SPECIALTY<\/strong><\/td>\n<td width=\"99\"><strong>\u015eEH\u0130R<\/strong><\/td>\n<td width=\"219\"><strong>WORK ADDRESS<\/strong><\/td>\n<\/tr>\n<tr>\n<td>Alev<\/td>\n<td>ARSLAN<\/td>\n<td>Assoc. Prof.<\/td>\n<td>Pediatric Cardiologist<\/td>\n<td>Adana<\/td>\n<td>Ba\u015fkent \u00dcniversitesi Adana SUAH<\/td>\n<\/tr>\n<tr>\n<td>An\u0131l<\/td>\n<td>ATMI\u015e<\/td>\n<td>Attending Physician<\/td>\n<td>Pediatric Cardiologist<\/td>\n<td>Adana<\/td>\n<td>Adana \u015eehir Hastanesi<\/td>\n<\/tr>\n<tr>\n<td>Mustafa Kemal<\/td>\n<td>AV\u015eAR<\/td>\n<td>Assoc. Prof.<\/td>\n<td>Heart Surgeon<\/td>\n<td>Adana<\/td>\n<td>\u00c7ukurova \u00dcniversitesi T\u0131p Fak\u00fcltesi<\/td>\n<\/tr>\n<tr>\n<td>\u00c7agla<\/td>\n<td>B\u00dcY\u00dcKBOZAT<\/td>\n<td>Yan Dal Asistan\u0131<\/td>\n<td>Pediatric Cardiologist<\/td>\n<td>Adana<\/td>\n<td>\u00c7ukuorva \u00dcniversitesi T\u0131p Fak\u00fcltesi<\/td>\n<\/tr>\n<tr>\n<td>Tu\u011f\u00e7e<\/td>\n<td>\u00c7ABUK<\/td>\n<td>Yan Dal Asistan\u0131<\/td>\n<td>Pediatric Cardiologist<\/td>\n<td>Adana<\/td>\n<td>\u00c7ukuorva \u00dcniversitesi T\u0131p Fak\u00fcltesi<\/td>\n<\/tr>\n<tr>\n<td>Fadli<\/td>\n<td>DEM\u0130R<\/td>\n<td>Professor<\/td>\n<td>Pediatric Cardiologist<\/td>\n<td>Adana<\/td>\n<td>\u00c7ukuorva \u00dcniversitesi T\u0131p Fak\u00fcltesi<\/td>\n<\/tr>\n<tr>\n<td>H\u00fcsn\u00fc<\/td>\n<td>DEM\u0130R<\/td>\n<td>Attending Physician<\/td>\n<td>Pediatric Cardiologist<\/td>\n<td>Adana<\/td>\n<td>Adana \u015eehir Hastanesi<\/td>\n<\/tr>\n<tr>\n<td>Hasan<\/td>\n<td>DEM\u0130R<\/td>\n<td>Yan Dal Asistan\u0131<\/td>\n<td>Pediatric Cardiologist<\/td>\n<td>Adana<\/td>\n<td>\u00c7ukurova \u00dcniversitesi T\u0131p Fak\u00fcltesi<\/td>\n<\/tr>\n<tr>\n<td>\u00c7a\u011fla Nur<\/td>\n<td>DO\u011eAN<\/td>\n<td>Yan Dal Asistan\u0131<\/td>\n<td>Pediatric Cardiologist<\/td>\n<td>Adana<\/td>\n<td>\u00c7ukuorva \u00dcniversitesi T\u0131p Fak\u00fcltesi<\/td>\n<\/tr>\n<tr>\n<td>Sevcan<\/td>\n<td>ERDEM<\/td>\n<td>Assoc. Prof.<\/td>\n<td>Pediatric Cardiologist<\/td>\n<td>Adana<\/td>\n<td>\u00c7ukuorva \u00dcniversitesi T\u0131p Fak\u00fcltesi<\/td>\n<\/tr>\n<tr>\n<td>U\u011fur<\/td>\n<td>G\u00d6\u00c7EN<\/td>\n<td>Asst. Prof.<\/td>\n<td>Heart Surgeon<\/td>\n<td>Adana<\/td>\n<td>\u00c7ukuorva \u00dcniversitesi T\u0131p Fak\u00fcltesi<\/td>\n<\/tr>\n<tr>\n<td>Ayten<\/td>\n<td>G\u00dcM\u00dc\u015e<\/td>\n<td>Attending Physician<\/td>\n<td>Pediatric Cardiologist<\/td>\n<td>Adana<\/td>\n<td>Adana Seyhan Devlet Hastanesi<\/td>\n<\/tr>\n<tr>\n<td>Hasan<\/td>\n<td>G\u00dcVEN<\/td>\n<td>Attending Physician<\/td>\n<td>Pediatric Cardiologist<\/td>\n<td>Adana<\/td>\n<td>Serbest<\/td>\n<\/tr>\n<tr>\n<td>Nazan<\/td>\n<td>\u00d6ZBARLAS<\/td>\n<td>Professor<\/td>\n<td>Pediatric Cardiologist<\/td>\n<td>Adana<\/td>\n<td>\u00c7ukuorva \u00dcniversitesi T\u0131p Fak\u00fcltesi<\/td>\n<\/tr>\n<tr>\n<td>H\u00fcseyin Hakan<\/td>\n<td>POYRAZO\u011eLU<\/td>\n<td>Professor<\/td>\n<td>Heart Surgeon<\/td>\n<td>Adana<\/td>\n<td>\u00c7ukuorva \u00dcniversitesi T\u0131p Fak\u00fcltesi<\/td>\n<\/tr>\n<tr>\n<td>Mehmet \u015eah<\/td>\n<td>TOPCUO\u011eLU<\/td>\n<td>Professor<\/td>\n<td>Heart Surgeon<\/td>\n<td>Adana<\/td>\n<td>\u00c7ukurova \u00dcniversitesi T\u0131p Fak\u00fcltesi<\/td>\n<\/tr>\n<tr>\n<td>Celal<\/td>\n<td>VARAN<\/td>\n<td>Attending Physician<\/td>\n<td>Pediatric Cardiologist<\/td>\n<td>Adana<\/td>\n<td>Adana \u015eehir Hastanesi<\/td>\n<\/tr>\n<tr>\n<td>Selman Vefa<\/td>\n<td>YILDIRIM<\/td>\n<td>Professor<\/td>\n<td>Pediatric Cardiologist<\/td>\n<td>Adana<\/td>\n<td>Yak\u0131n Do\u011fu \u00dcniversitesi T\u0131p Fak\u00fcltesi<\/td>\n<\/tr>\n<tr>\n<td>R\u0131za Din\u00e7er<\/td>\n<td>YILDIZDA\u015e<\/td>\n<td>Professor<\/td>\n<td>Ped.Yo\u011fun Bak\u0131m<\/td>\n<td>Adana<\/td>\n<td>\u00c7ukuorva \u00dcniversitesi T\u0131p Fak\u00fcltesi \u00c7ocuk Yo\u011fun Bak\u0131m<\/td>\n<\/tr>\n<\/tbody>\n<\/table>","protected":false},"excerpt":{"rendered":"<p>ADI SOYADI UNVANI BRAN\u015eI \u015eEH\u0130R \u0130\u015e ADRES\u0130 Alev ARSLAN Do\u00e7ent Kard. Adana Ba\u015fkent \u00dcniversitesi Adana SUAH An\u0131l ATMI\u015e Uzman Kard. Adana Adana \u015eehir Hastanesi Mustafa Kemal AV\u015eAR Do\u00e7ent KD.Cerrah Adana \u00c7ukurova \u00dcniversitesi T\u0131p Fak\u00fcltesi \u00c7agla B\u00dcY\u00dcKBOZAT Yan Dal Asistan\u0131 Kard. Adana \u00c7ukuorva \u00dcniversitesi T\u0131p Fak\u00fcltesi Tu\u011f\u00e7e \u00c7ABUK Yan Dal Asistan\u0131 Kard. Adana \u00c7ukuorva \u00dcniversitesi T\u0131p &#8230; <a title=\"Doctors in Adana\" class=\"read-more\" href=\"https:\/\/turkpedkar.org.tr\/en\/adana-doktorlar\/\" aria-label=\"Read more about Adana Doktorlar\u0131\">Read more<\/a><\/p>","protected":false},"author":1,"featured_media":0,"parent":0,"menu_order":0,"comment_status":"closed","ping_status":"closed","template":"","meta":{"footnotes":""},"class_list":["post-1144","page","type-page","status-publish"],"_links":{"self":[{"href":"https:\/\/turkpedkar.org.tr\/en\/wp-json\/wp\/v2\/pages\/1144","targetHints":{"allow":["GET"]}}],"collection":[{"href":"https:\/\/turkpedkar.org.tr\/en\/wp-json\/wp\/v2\/pages"}],"about":[{"href":"https:\/\/turkpedkar.org.tr\/en\/wp-json\/wp\/v2\/types\/page"}],"author":[{"embeddable":true,"href":"https:\/\/turkpedkar.org.tr\/en\/wp-json\/wp\/v2\/users\/1"}],"replies":[{"embeddable":true,"href":"https:\/\/turkpedkar.org.tr\/en\/wp-json\/wp\/v2\/comments?post=1144"}],"version-history":[{"count":1,"href":"https:\/\/turkpedkar.org.tr\/en\/wp-json\/wp\/v2\/pages\/1144\/revisions"}],"predecessor-version":[{"id":150381,"href":"https:\/\/turkpedkar.org.tr\/en\/wp-json\/wp\/v2\/pages\/1144\/revisions\/150381"}],"wp:attachment":[{"href":"https:\/\/turkpedkar.org.tr\/en\/wp-json\/wp\/v2\/media?parent=1144"}],"curies":[{"name":"wp","href":"https:\/\/api.w.org\/{rel}","templated":true}]}}