{"id":1010,"date":"2013-11-11T14:33:39","date_gmt":"2013-11-11T12:33:39","guid":{"rendered":"http:\/\/test.bartekyazilim.com\/?page_id=1010"},"modified":"2026-02-11T16:30:40","modified_gmt":"2026-02-11T13:30:40","slug":"basinda-biz","status":"publish","type":"page","link":"https:\/\/turkpedkar.org.tr\/en\/basinda-biz\/","title":{"rendered":"In the Press"},"content":{"rendered":"<p><a href=\"https:\/\/turkpedkar.org.tr\/en\/7-14-subat-dunya-dogumsal-kalp-hastaliklari-farkindalik-haftasi-kapsaminda-turk-pediatrik-kardiyoloji-ve-kalp-cerrahisi-dernegi-yonetim-kurulu-basin-aciklamasi\/\" data-type=\"link\" data-id=\"https:\/\/turkpedkar.org.tr\/7-14-subat-dunya-dogumsal-kalp-hastaliklari-farkindalik-haftasi-kapsaminda-turk-pediatrik-kardiyoloji-ve-kalp-cerrahisi-dernegi-yonetim-kurulu-basin-aciklamasi\/\">\u201c7-14 \u015eubat D\u00fcnya Do\u011fumsal Kalp Hastal\u0131klar\u0131 Fark\u0131ndal\u0131k Haftas\u0131\u201d kapsam\u0131nda T\u00dcRK PED\u0130ATR\u0130K KARD\u0130YOLOJ\u0130 VE KALP CERRAH\u0130S\u0130 DERNE\u011e\u0130 Y\u00f6netim Kurulu bas\u0131n a\u00e7\u0131klamas\u0131.<\/a><\/p>\n\n\n\n<p><a href=\"https:\/\/saglikdunyasidergisi.com\/haber\/gaziantepe_deger_katanlar_odullendirildi-21420.html\">Dernek Ba\u015fkan\u0131m\u0131z Prof. Dr. Osman Ba\u015fp\u0131nar &#8220;Sa\u011fl\u0131k \u00d6d\u00fcl\u00fc&#8221;ne lay\u0131k g\u00f6r\u00fcld\u00fc.<\/a> (SA\u011eLIK D\u00dcNYASI)<\/p>\n\n\n\n<p><a href=\"https:\/\/www.haberler.com\/7-14-subat-dogustan-kalp-hastaliklari-haftasi-11742376-haberi\/\" data-type=\"link\" data-id=\"https:\/\/www.haberler.com\/7-14-subat-dogustan-kalp-hastaliklari-haftasi-11742376-haberi\/\">7-14 \u015eubat Do\u011fu\u015ftan Kalp Hastal\u0131klar\u0131 Haftas\u0131<\/a> (HABERLER.COM)<\/p>\n\n\n\n<p><a href=\"https:\/\/doktorunuz.tv\/dogustan-kalp-hastasi-bebeklerde-enfeksiyon-riski-daha-yuksek\/\" data-type=\"link\" data-id=\"https:\/\/doktorunuz.tv\/dogustan-kalp-hastasi-bebeklerde-enfeksiyon-riski-daha-yuksek\/\">Do\u011fu\u015ftan kalp hastas\u0131 bebeklerde enfeksiyon riski daha y\u00fcksek<\/a> (doktorunuz.tv)<\/p>\n\n\n\n<p><a href=\"https:\/\/www.sondakika.com\/guncel\/haber-7-14-subat-dogustan-kalp-hastaliklari-haftasi-11742376\/\" data-type=\"link\" data-id=\"https:\/\/www.sondakika.com\/guncel\/haber-7-14-subat-dogustan-kalp-hastaliklari-haftasi-11742376\/\">7-14 \u015eubat Do\u011fu\u015ftan Kalp Hastal\u0131klar\u0131 Haftas\u0131<\/a> (sondakika.com)<\/p>\n\n\n\n<p><a href=\"https:\/\/www.sabah.com.tr\/bebegimvebiz\/cocuk\/2019\/02\/14\/7-14-subat-dogustan-kalp-hastaliklari-haftasi\">Bebe\u011fim ve biz &#8211; 7-14 \u015eubat Do\u011fu\u015ftan Kalp Hastal\u0131klar\u0131 Haftas\u0131<\/a> (sabah)<\/p>\n\n\n\n<p><a href=\"https:\/\/www.kocaelipusula.com\/haber\/23282\/7-14-subat-dogustan-kalp-hastaliklari-haftasi.html\" data-type=\"link\" data-id=\"https:\/\/www.kocaelipusula.com\/haber\/23282\/7-14-subat-dogustan-kalp-hastaliklari-haftasi.html\">7-14 \u015eubat Do\u011fu\u015ftan Kalp Hastal\u0131klar\u0131 Haftas\u0131<\/a> (kocaelipusula.com)<\/p>\n\n\n\n<p><a href=\"https:\/\/polatliayrinti.com\/fatih-kiziltan-\/dunya-dogustan-kalp-hastaligi-dkh-farkindalik-haftasi\/haber-39023\" target=\"_blank\" rel=\"noreferrer noopener\">D\u00fcnya Do\u011fu\u015ftan Kalp Hastal\u0131\u011f\u0131 Fark\u0131ndal\u0131k Haftas\u0131 &#8211; Polatl\u0131 Ayr\u0131nt\u0131<\/a><\/p>\n\n\n\n<p><a href=\"http:\/\/www.turkiyehaberci.com\/haber.php?id=77729\" target=\"_blank\" rel=\"noreferrer noopener\">Do\u011fu\u015ftan Kalp Hastal\u0131klar\u0131 Hakk\u0131nda Bilgilendirme &#8211; T\u00fcrkiye Haberci<\/a><\/p>\n\n\n\n<p><a href=\"http:\/\/turkpedkar.org.tr\/wp-content\/uploads\/2013\/11\/Du\u0308nya-Dog\u0306umsal-Kalp-Hastal\u0131klar\u0131-Gu\u0308nu\u0308-Bas\u0131n-Raporu -1.ppsx\" rel=\"\">Du\u0308nya Dog\u0306umsal Kalp Hastal\u0131klar\u0131 Gu\u0308nu\u0308 Bas\u0131n Raporu 2015- 1<\/a><br><a href=\"http:\/\/turkpedkar.org.tr\/wp-content\/uploads\/2013\/11\/Du\u0308nya-Dog\u0306umsal-Kalp-Hastal\u0131klar\u0131-Gu\u0308nu\u0308-Bas\u0131n-Raporu -2.ppsx\" rel=\"\">Du\u0308nya Dog\u0306umsal Kalp Hastal\u0131klar\u0131 Gu\u0308nu\u0308 Bas\u0131n Raporu 2015- 2<\/a><\/p>\n\n\n\n<p><strong>Pediatrik Kardiyologlar Diyarbak\u0131r&#8217;da Bulu\u015fuyor &#8230;<\/strong><a href=\"http:\/\/www.medimagazin.com.tr\/hekim\/kongre\/tr-pediatrik-kardiyologlar-diyarbakirda-bulusuyor-2-20-57616.html\" target=\"_blank\" rel=\"noopener\"><br><\/a><span style=\"font-size: small;\">medimagazin.com\u00a0<a href=\"http:\/\/www.medimagazin.com.tr\/hekim\/kongre\/tr-pediatrik-kardiyologlar-diyarbakirda-bulusuyor-2-20-57616.html\" target=\"_blank\" rel=\"noopener\">Read the news<\/a><\/span><\/p>\n\n\n\n<p><strong>T\u00fcrkiye&#8217;de her y\u0131l 14 bin bebek konjenital kalp hastas\u0131 olarak do\u011fuyor!&nbsp;<\/strong><br>medimagazin.com&nbsp;<a href=\"http:\/\/www.medimagazin.com.tr\/hekim\/genel\/tr-turkiyede-her-yil-14-bin-bebek-konjenital-kalp-hastasi-olarak-doguyor-2-12-55272.html\">Read the news<\/a><\/p>\n\n\n\n<p><strong>T\u00fcrkiye 2. \u00c7ocuk Kalp Sa\u011fl\u0131\u011f\u0131 Platformu etkinli\u011fi <\/strong><br>spothaber.com <a href=\"http:\/\/www.spothaber.com\/saglik\/turkiye-2-cocuk-kalp-sagligi-platformu-etkinligi-109524.html\" target=\"_blank\" rel=\"noopener\">Read the news<\/a><\/p>\n\n\n\n<p><strong>14 bin bebek bu hastal\u0131kla do\u011fuyor <\/strong><br>Timeturk.com <a href=\"http:\/\/www.timeturk.com\/tr\/2013\/12\/16\/14-bin-bebek-bu-hastalikla-doguyor.html\" target=\"_blank\" rel=\"noopener\">Read the news<\/a><\/p>\n\n\n\n<p><strong>Her y\u0131l 14 bin \u00e7ocuk kalp hastas\u0131 olarak do\u011fuyor <\/strong><br>Posta <a href=\"http:\/\/www.posta.com.tr\/saglik\/bebek-cocuk\/HaberDetay\/Yilda-14-bin-bebek-kalp-hastasi-olarak-doguyor.htm?ArticleID=208936\" target=\"_blank\" rel=\"noopener\">Read the news<\/a><\/p>\n\n\n\n<p><strong>Her y\u0131l 14 bin \u00e7ocuk kalp hastas\u0131 olarak do\u011fuyor <\/strong><br>H\u00fcrriyet <a href=\"http:\/\/www.hurriyet.com.tr\/saglik-yasam\/25373647.asp\" target=\"_blank\" rel=\"noopener\">Read the news<\/a><\/p>\n\n\n\n<p><strong>T\u00fcrkiye 2. \u00c7ocuk Kalp Sa\u011fl\u0131\u011f\u0131 Platformu Etkinli\u011fi <\/strong><br>haberler.com <a href=\"http:\/\/www.haberler.com\/turkiye-2-cocuk-kalp-sagligi-platformu-etkinligi-5426013-haberi\" target=\"_blank\" rel=\"noopener\">Read the news<\/a><\/p>\n\n\n\n<p><strong>T\u0131p Fak\u00fcltesi \u00d6\u011fretim G\u00f6revlileri Seyyid Battal Gazi K\u00fclliyesinde<\/strong><br>haberdenhaber.com <a href=\"http:\/\/www.haberdenhaber.com\/eskisehir\/tip-fakultesi-ogretim-gorevlileri-seyyid-battal-gazi-kulliyesinde-h124781.html\" target=\"_blank\" rel=\"noopener\">Read the news<\/a><\/p>\n\n\n\n<p><strong>\u00d6\u011fretim g\u00f6revlileri Seyyid Battal Gazi K\u00fclliyesinde<\/strong><br>anadolugazetesi.net <a href=\"http:\/\/www.haberdenhaber.com\/eskisehir\/tip-fakultesi-ogretim-gorevlileri-seyyid-battal-gazi-kulliyesinde-h124781.html\" target=\"_blank\" rel=\"noopener\">Read the news<\/a><\/p>\n\n\n\n<p><strong>\u00d6\u011fretim g\u00f6revlileri Seyyid Battal Gazi K\u00fclliyesinde<\/strong><br>anadolugazetesi.net <a href=\"http:\/\/www.anadolugazetesi.net\/ogretim-gorevlileri-seyyid-battal-gazi-kulliyesinde-n-15549.aspx\" target=\"_blank\" rel=\"noopener\">Read the news<\/a><\/p>\n\n\n\n<p><strong>T\u0131p Fak\u00fcltesi \u00d6\u011fretim G\u00f6revlileri Seyyid Battal Gazi K\u00fclliyesinde<\/strong><br>f5haber.com <a href=\"http:\/\/www.f5haber.com\/tip-fakultesi-ogretim-gorevlileri-seyyid-battal-gazi-kulliyesinde-fotohaber-600335\" target=\"_blank\" rel=\"noopener\">Read the news<\/a><\/p>\n\n\n\n<p><strong>T\u0131p Fak\u00fcltesi \u00d6\u011fretim G\u00f6revlileri Seyyid Battal Gazi K\u00fclliyesinde<\/strong><br>haberler.com <a href=\"http:\/\/www.haberler.com\/tip-fakultesi-ogretim-gorevlileri-seyyid-battal-5349252-haberi\" target=\"_blank\" rel=\"noopener\">Read the news<\/a><\/p>\n\n\n\n<p><strong>T\u0131p Fak\u00fcltesi \u00d6\u011fretim G\u00f6revlileri Seyyid Battal Gazi K\u00fclliyesinde<\/strong><br>sondakika.com <a href=\"http:\/\/www.sondakika.com\/haber\/haber-tip-fakultesi-ogretim-gorevlileri-seyyid-battal-5349252\" target=\"_blank\" rel=\"noopener\">Read the news<\/a><\/p>\n\n\n\n<p><strong>Sevgililer G\u00fcn\u00fc&#8217;nde minik kalpler teklemesin!<\/strong><br>Habert\u00fcrk <a href=\"http:\/\/www.haberturk.com\/saglik\/haber\/820088-sevgililer-gununde-minik-kalpler-teklemesin\" target=\"_blank\" rel=\"noopener\">Read the news<\/a><\/p>\n\n\n\n<p><strong>\u00c7ocu\u011funuzun kalbini ne kadar koruyorsunuz?<\/strong><br>dahaiyiyasam.com <a href=\"http:\/\/www.dahaiyiyasam.com\/cocugunuzun-kalbini-ne-kadar-koruyorsunuz\" target=\"_blank\" rel=\"noopener\">Read the news<\/a><\/p>\n\n\n\n<p><strong>Minik kalpler teklemesin!<\/strong><br>Yeni \u015eafak <a href=\"http:\/\/yenisafak.com.tr\/saglik-haber\/minik-kalpler-teklemesin-14.02.2013-485878\" target=\"_blank\" rel=\"noopener\">Read the news<\/a><\/p>\n\n\n\n<p><strong>Minik Kalplerin Sa\u011fl\u0131kl\u0131 Ya\u015fam\u0131<\/strong><br>Sonhaberler.com <a href=\"http:\/\/www.sonhaberler.com\/minik-kalplerin-saglikli-yasami-234671h.htm\" target=\"_blank\" rel=\"noopener\">Read the news<\/a><\/p>\n\n\n\n<p><strong>M\u0130N\u0130K KALPLER\u0130N SA\u011eLIKLI YA\u015eAMI<\/strong><br>DHA <a href=\"http:\/\/www.dha.com.tr\/en-son-haber-minik-kalplerin-saglikli-yasami-son-dakika-haberleri_427471.html\" target=\"_blank\" rel=\"noopener\">Read the news<\/a><\/p>\n\n\n\n<p><strong>Minik Kalplerin Sa\u011fl\u0131kl\u0131 Ya\u015fam\u0131<\/strong><br>Haberler.com <a href=\"http:\/\/www.haberler.com\/minik-kalplerin-saglikli-yasami-4332132-haberi\" target=\"_blank\" rel=\"noopener\">Read the news<\/a><\/p>\n\n\n\n<p><strong>Minik Kalplerin Sa\u011fl\u0131kl\u0131 Ya\u015fam\u0131<\/strong><br>Bug\u00fcn <a href=\"http:\/\/www.bugun.com.tr\/son-dakika\/minik-kalplerin-saglikli-yasami-haberi\/579115\" target=\"_blank\" rel=\"noopener\">Read the news<\/a><\/p>\n\n\n\n<p><strong>&#8216;Minik kalpler teklemesin&#8217;<\/strong><br>Ar\u015fiv.gercekg\u00fcndem <a href=\"http:\/\/arsiv.gercekgundem.com\/?p=526325\" target=\"_blank\" rel=\"noopener\">Read the news<\/a><\/p>\n\n\n\n<p><strong>Sevgililer G\u00fcn\u00fc&#8217;nde &#8220;Minik Kalpler Teklemesin&#8221; \u00c7a\u011fr\u0131s\u0131<\/strong><br>Haberciniz.biz <a href=\"http:\/\/haberciniz.biz\/sevgililer-gununde-minik-kalpler-teklemesin-cagrisi-1876368h.htm\" target=\"_blank\" rel=\"noopener\">Read the news<\/a><\/p>\n\n\n\n<p><strong>M\u0130N\u0130K KALPLER\u0130N SA\u011eLIKLI B\u0130R YA\u015eAM S\u00dcRMES\u0130 \u0130\u00c7\u0130N ELELE VEREL\u0130M<\/strong><br>ankayasam.com <a href=\"http:\/\/www.ankayasam.com\/minik-kalplerin-saglikli-bir-yasam-surmesi-icin-elele-verelim.html\" target=\"_blank\" rel=\"noopener\">Read the news<\/a><\/p>\n\n\n\n<p><strong>HAYATA G\u00d6ZLER\u0130N\u0130 KALP HASTALI\u011eIYLA A\u00c7AN BEBEKLERE D\u0130KKAT \u00c7EK\u0130LD\u0130 <\/strong><br>haber3.com <a href=\"http:\/\/www.haber3.com\/sevgililer-gununde-minik-kalpler-teklemesincagrisi-dunya-dogustan-kalp-h-haberi-1785802h.htm\" target=\"_blank\" rel=\"noopener\">Read the news<\/a><\/p>","protected":false},"excerpt":{"rendered":"<p>\u201c7-14 \u015eubat D\u00fcnya Do\u011fumsal Kalp Hastal\u0131klar\u0131 Fark\u0131ndal\u0131k Haftas\u0131\u201d kapsam\u0131nda T\u00dcRK PED\u0130ATR\u0130K KARD\u0130YOLOJ\u0130 VE KALP CERRAH\u0130S\u0130 DERNE\u011e\u0130 Y\u00f6netim Kurulu bas\u0131n a\u00e7\u0131klamas\u0131. Dernek Ba\u015fkan\u0131m\u0131z Prof. Dr. Osman Ba\u015fp\u0131nar &#8220;Sa\u011fl\u0131k \u00d6d\u00fcl\u00fc&#8221;ne lay\u0131k g\u00f6r\u00fcld\u00fc. (SA\u011eLIK D\u00dcNYASI) 7-14 \u015eubat Do\u011fu\u015ftan Kalp Hastal\u0131klar\u0131 Haftas\u0131 (HABERLER.COM) Do\u011fu\u015ftan kalp hastas\u0131 bebeklerde enfeksiyon riski daha y\u00fcksek (doktorunuz.tv) 7-14 \u015eubat Do\u011fu\u015ftan Kalp Hastal\u0131klar\u0131 Haftas\u0131 (sondakika.com) &#8230; <a title=\"In the Press\" class=\"read-more\" href=\"https:\/\/turkpedkar.org.tr\/en\/basinda-biz\/\" aria-label=\"Read more about Bas\u0131nda Biz\">Read more<\/a><\/p>","protected":false},"author":1,"featured_media":0,"parent":0,"menu_order":0,"comment_status":"closed","ping_status":"closed","template":"","meta":{"footnotes":""},"class_list":["post-1010","page","type-page","status-publish"],"_links":{"self":[{"href":"https:\/\/turkpedkar.org.tr\/en\/wp-json\/wp\/v2\/pages\/1010","targetHints":{"allow":["GET"]}}],"collection":[{"href":"https:\/\/turkpedkar.org.tr\/en\/wp-json\/wp\/v2\/pages"}],"about":[{"href":"https:\/\/turkpedkar.org.tr\/en\/wp-json\/wp\/v2\/types\/page"}],"author":[{"embeddable":true,"href":"https:\/\/turkpedkar.org.tr\/en\/wp-json\/wp\/v2\/users\/1"}],"replies":[{"embeddable":true,"href":"https:\/\/turkpedkar.org.tr\/en\/wp-json\/wp\/v2\/comments?post=1010"}],"version-history":[{"count":22,"href":"https:\/\/turkpedkar.org.tr\/en\/wp-json\/wp\/v2\/pages\/1010\/revisions"}],"predecessor-version":[{"id":152959,"href":"https:\/\/turkpedkar.org.tr\/en\/wp-json\/wp\/v2\/pages\/1010\/revisions\/152959"}],"wp:attachment":[{"href":"https:\/\/turkpedkar.org.tr\/en\/wp-json\/wp\/v2\/media?parent=1010"}],"curies":[{"name":"wp","href":"https:\/\/api.w.org\/{rel}","templated":true}]}}